{"id":4341609,"date":"2024-02-22T13:40:44","date_gmt":"2024-02-22T12:40:44","guid":{"rendered":"https:\/\/botiga.gironafc.cat\/?page_id=4341609"},"modified":"2024-02-22T13:42:11","modified_gmt":"2024-02-22T12:42:11","slug":"4341609-2","status":"publish","type":"page","link":"https:\/\/botiga.gironafc.cat\/es\/4341609-2\/","title":{"rendered":"CONDICIONES DE VENTA"},"content":{"rendered":"<p><strong>CONDICIONES DE VENTA<\/strong><\/p><p>Recomendamos leer los siguientes puntos antes de utilizar la tienda en l\u00ednea del Girona FC. Al utilizar esta p\u00e1gina web, el usuario est\u00e1 de acuerdo con los t\u00e9rminos de uso que detallamos a continuaci\u00f3n. Si no est\u00e1s de acuerdo con los t\u00e9rminos de uso, te pedimos abandones la tienda en l\u00ednea.<\/p><ol class=\"wp-block-list\" type=\"1\"><li><strong>Web Botiga Online Girona FC<\/strong><\/li><\/ol><p>En virtud del cumplimiento de la Ley 34\/2002, de 11 de Julio, de servicios de la sociedad de la informaci\u00f3n y de comercio electr\u00f3nico, le informamos que el Girona FC SAD con domicilio en la avenida Montilivi, 141,17003 Girona, inscrito al Registro Mercantil de Girona, volumen 2760, folio 31, hoja GI-49598, es titular de la p\u00e1gina web <a href=\"https:\/\/botiga.gironafc.cat\">https:\/\/botiga.gironafc.cat<\/a> . Para cualquier consulta relacionada con los servicios, puede ponerse en contacto con el club a trav\u00e9s del correo electr\u00f3nico <a href=\"mailto:botigaonline@gironafc.cat\">botigaonline@gironafc.cat<\/a>.<\/p><p>La Tienda en l\u00ednea Girona FC es un sitio web oficial del Girona FC SAD (en lo sucesivo, El Club). El Club se reserva el derecho de modificar el contenido de esta p\u00e1gina web en cualquier momento sin comunicarlo previamente. Por eso, se recomienda a los usuarios y usuarias consultar constantemente las condiciones dispuestas en el Aviso Legal. La utilizaci\u00f3n de esta p\u00e1gina web implica que el usuario acepta cualquier actualizaci\u00f3n de la versi\u00f3n de esta p\u00e1gina.<\/p><ul class=\"wp-block-list\"><li><strong>Objeto y descripci\u00f3n del Servicio<\/strong><\/li><\/ul><p>El objeto se establecer y regular los t\u00e9rminos y condiciones relativos en el proceso de solicitud y compra de productos oficiales del Girona FC entre el Cliente y el Club.<\/p><p>\u201cEl Usuario\u201d es la persona que navega por la web Tienda en l\u00ednea Girona FC sin realizar un proceso de compra o servicio.<\/p><p>\u201cEl Cliente\u201d es el Usuario que, adem\u00e1s de navegar por el Sitio web realiza un proceso de compra o servicio.<\/p><p>En estos casos, el Cliente act\u00faa como un consumidor final y no revender\u00e1 los productos oficiales del Girona FC.<\/p><ul class=\"wp-block-list\"><li><strong>\u00c1mbito geogr\u00e1fico del Servicio<\/strong><\/li><\/ul><p>Los art\u00edculos que se ofrecen a trav\u00e9s de esta p\u00e1gina web est\u00e1n \u00fanicamente disponibles para su env\u00edo a:<\/p><ul class=\"wp-block-list\"><li>Territorio espa\u00f1ol<\/li><li>UE<\/li><li>UK<\/li><li>China<\/li><li>Jap\u00f3n<\/li><\/ul><p>Si desea realizar un pedido desde otro pa\u00eds a trav\u00e9s de este sitio web, por supuesto, puede hacerlo; sin embargo, tenga en cuenta que solo ofrecemos entregas en una de las tiendas oficiales del Club o en una direcci\u00f3n de env\u00edo en territorio espa\u00f1ol o los territorios anteriormente indicados.<\/p><p>Los env\u00edos con destino Canarias, Ceuta y Melilla o fuera de la UE, est\u00e1n sujetas a un cargo adicional. Para recibir la mercanc\u00eda en estos destinos, el cliente se tendr\u00e1 que hacer cargo de todos los impuestos, aranceles y tasas aduaneras que se requieran (vid apartado 6)<\/p><ul class=\"wp-block-list\"><li><strong>Entrada<\/strong><strong> en vigor de las Condiciones Generales de Contractaci\u00f3n (Condiciones de Compra)<\/strong><strong><\/strong><\/li><\/ul><ul class=\"wp-block-list\"><li>Las presentes Condiciones de Compra se aplicar\u00e1n a la totalidad de las ofertas y contratos relacionados con la venta y entrega de los productos por nuestra parte. En otras palabras, cuando (y) realice un pedido de cualquier producto a trav\u00e9s de nuestra web, (ii) realice un pedido de cualquier producto a trav\u00e9s de cualquier p\u00e1gina web conectada directamente a nuestra web, o (iii) acepte alguna de las ofertas para productos que le ofrecemos, estar\u00e1 consintiendo a obligarse por las presentes Condiciones de Compra.<ul><li>Solo ser\u00e1 posible apartarse de estas Condiciones de Compra cuando as\u00ed se haya pactado con nosotros por escrito.<\/li><\/ul><ul><li>Tenga en cuenta que tambi\u00e9n podr\u00e1n salir a la venta Productos de ediciones limitadas o de producci\u00f3n limitada que pueden presentar restricciones adicionales, como la limitaci\u00f3n del n\u00famero de Productos que puede pedir un consumidor o consumidora. Tales restricciones adicionales ser\u00e1n puestas en su conocimiento a trav\u00e9s de nuestra p\u00e1gina web.<\/li><\/ul><ul><li>Todos los Productos que se muestran en la web est\u00e1n sujetas a disponibilidad. Esto significa que, aunque nos esforzamos para que nuestra web refleje la disponibilidad del stock, es posible que alguno de los Productos que aparecen en ella no est\u00e9n ya disponibles para su venta.<\/li><\/ul><ul><li>Las presentes Condiciones, incluidas las tarifas del Servicio, podr\u00e1n ser modificadas por GIRONA FC en cualquier momento, por motivos t\u00e9cnicos, operativos, econ\u00f3micos, de servicio o de mercado, previa comunicaci\u00f3n al Cliente en conformidad con la legislaci\u00f3n vigente. El Cliente acepta que estas Condiciones pueden ser modificadas si una disposici\u00f3n legal o reglamentaria as\u00ed lo exige, y GIRONA FC le informar\u00e1 si resulta afectado.<\/li><\/ul><ul><li>Al hacer uso de la Tienda En l\u00ednea Girona FC y efectuar pedidos en ella, el Cliente se compromete al siguiente:<\/li><\/ul><ul><li>Hacer uso de esta p\u00e1gina web \u00fanicamente para consultas o pedidos legalmente v\u00e1lidos.<\/li><\/ul><ul><li>Abstenerse de realizar pedidos falsos o fraudulentas.<\/li><\/ul><ul><li>Facilitar los datos personales que sean necesarios para la gesti\u00f3n de sus pedidos y\/o consultas y que ser\u00e1n tratados seg\u00fan se indica en nuestra Pol\u00edtica de Privacidad.<\/li><\/ul><\/li><\/ul><ul class=\"wp-block-list\"><li><strong>Tarifas\/IVA<\/strong><strong><\/strong><\/li><\/ul><p>GIRONA FC cobrar\u00e1 al Cliente por la compra de los productos oficiales las tarifas que en cada momento GIRONA FC tenga vigentes en su oferta comercial, la cual estar\u00e1 a disposici\u00f3n del Cliente en la Tienda En l\u00ednea Girona FC. Las tarifas vigentes, precios, descuentos e impuestos se encuentran desglosadas en funci\u00f3n de los productos adquiridos.<\/p><p>No se considerar\u00e1n modificaciones de las tarifas las variaciones que puedan sufrir los impuestos legalmente repercutibles al Cliente, que entrar\u00e1n en vigor a la fecha que se fije legalmente.<\/p><p>De conformidad con lo dispuesto por el art\u00edculo 68 de la Ley 37\/1992, de 28 de diciembre, del Impuesto sobre el Valor A\u00f1adido, la entrega de los productos se entender\u00e1 realizada en el territorio de aplicaci\u00f3n del IVA espa\u00f1ol cuando la direcci\u00f3n de entrega se encuentra dentro del referido territorio, exceptu\u00e1ndose las islas Canarias, Ceuta y Melilla. As\u00ed mismo, prev\u00e9 la trasposici\u00f3n del arte. 34 de la Directiva Europea 2006\/112\/CE, que regula la aplicaci\u00f3n de la Regla general y de la Regla especial en las ventas consideradas a distancia con destino de entrega en otro pa\u00eds de la UE.<\/p><p>Podemos repercutir gastos de env\u00edo, que variar\u00e1n en funci\u00f3n del Producto y de la forma de env\u00edo. Todos los gastos de env\u00edo ser\u00e1n repercutidos de manera independiente, detallados y a\u00f1adidos al importe final del pedido.<\/p><ul class=\"wp-block-list\"><li><strong>Facturaci\u00f3n y medios de pago.<\/strong><\/li><\/ul><p>GIRONA FC cobrar\u00e1 al Cliente por la prestaci\u00f3n del Servicio, las cuotas y precios seg\u00fan las tarifas y condiciones descritas en las presentes Condiciones Generales y en la oferta comercial vigente en el Sitio web. De acuerdo con las \u00faltimas novedades legislativas, las facturas electr\u00f3nicas son v\u00e1lidas a todos los efectos, por el que GIRONA FC no emitir\u00e1 ninguna factura en formato papel.<\/p><p>El Cliente abonar\u00e1 las cantidades correspondientes por la prestaci\u00f3n del Servicio mediante la pasarela de pago de la entidad financera que corresponda.<\/p><ul class=\"wp-block-list\"><li><strong>Derecho &nbsp;de desistimento de la compra.<\/strong><\/li><\/ul><ul class=\"wp-block-list\"><li>El derecho de desistimiento solo es aplicable a los consumidores y consumidoras y residentes del Espacio Econ\u00f3mico Europeo (\u201cEEE\u201d), esto es, de cualquier estado miembro de la Uni\u00f3n Europea as\u00ed como Islandia, Liechtenstein y Noruega. En tal caso, el Cliente que compre productos oficiales a trav\u00e9s de la Tienda En l\u00ednea Girona FC de tiene derecho a desistir del contrato de compraventa en el plazo de 14 d\u00edas naturales a contar desde que el usuario o usuaria o una tercera persona en su nombre reciba el pedido. Si los productos del pedido se entregan separadamente, el plazo para el desistimiento contar\u00e1 desde el d\u00eda de recibirse el \u00faltimo producto entregado.<\/li><\/ul><p>Para ejercer el derecho de desistimiento, deber\u00e1 usted notificarnos en el correo <a href=\"mailto:botigaonline@gironafc.cat\">botigaonline@gironafc.cat<\/a> , y comunicar su decisi\u00f3n de desistir del contrato a trav\u00e9s de una declaraci\u00f3n inequ\u00edvoca (por ejemplo, una carta enviada por correo postal o electr\u00f3nico). Podr\u00e1 utilizar el modelo de formulario de desistimiento que figura como <strong>Anexo<\/strong> a las presentes Condiciones, aunque su uso no es obligatorio. Para cumplir el plazo de desistimiento, basta con que la comunicaci\u00f3n relativa al ejercicio por su parte de este derecho sea enviada antes de que venza el plazo correspondiente (14 d\u00edas naturales).<\/p><p>No tendr\u00e1 usted derecho a desistir del contrato el objeto del cual sea el suministro de alguno de los productos oficiales detallados en el apartado 7.3<\/p><ul class=\"wp-block-list\"><li><strong>Cambios y devoluciones.<\/strong><br><br><\/li><\/ul><p>Recuerde que ni a usted ni a nosotros nos interesa que se quede con un producto que no le satisfaga.<\/p><p>La pol\u00edtica de devoluciones de la Tienda En l\u00ednea Girona FC es muy simple: una vez recibido su pedido, usted tiene 14 d\u00edas para comprobar los art\u00edculos y volverlos por otro producto, a contar de la recepci\u00f3n del pedido, siempre en su condici\u00f3n original conservando todas sus etiquetas del producto.<\/p><p>Para hacer un cambio de producto, tendr\u00e1 que enviar el art\u00edculo a devolver con una copia de su pedido, indic\u00e1ndonos el motivo por qu\u00e9 quiere cambiar el art\u00edculo, a la direcci\u00f3n:<\/p><p>Tienda Oficial \u2013 Girona F\u00fatbol Club, S.A.D.<\/p><p>Estadio Municipal Montilivi<\/p><p>Avda. Montilivi 141.<\/p><p>17003, Girona.<\/p><p>En caso de cambio los gastos de env\u00edo ir\u00e1n a cargo del cliente.<\/p><p>El Girona FC en ning\u00fan caso se hace responsable de las p\u00e9rdidas en caso de que los paquetes devueltos o cambiados no sean entregados en la direcci\u00f3n facilitada, sean extraviados o incompletos por parte de la empresa de paqueter\u00eda.<\/p><ul class=\"wp-block-list\"><li><strong>Qu\u00e9 no se puede devolver?<\/strong><\/li><\/ul><p><strong>No se acepta la devoluci\u00f3n de:<\/strong><\/p><ul class=\"wp-block-list\"><li>Cualquier producto personalizado (se considera producto personalizado nombre o n\u00famero de jugador\/nombre\/apellidos de Cliente).<\/li><li>M\u00e1scaras \/ Botellas \/ Botellines \/ Jarras \/ Tazas \/ accesorios de beb\u00e9 y todos los productos que se entreguen precintados por razones de seguridad, salud o higiene el precinto de la cual haya sido retirado despu\u00e9s de su entrega.<\/li><li>Cualquier producto que no conserve las etiquetas con las cuales se entrega el producto.<\/li><li>Productos que hayan sido utilizados o se hayan deteriorado a consecuencia de un uso diferente al necesario de acuerdo a su naturaleza, sus caracter\u00edsticas o su funcionamiento.<\/li><li>Productos no adquiridos en la Tienda en l\u00ednea Girona FC<\/li><\/ul><ul class=\"wp-block-list\"><li><strong>Garantia Voluntaria de Devoluci\u00f3n adicional a su Derecho de Desistimiento.<\/strong><\/li><\/ul><p>Adem\u00e1s del derecho de desistimiento que se contiene en el apartado 7 de las presentes condiciones (y de cualquier otro derecho legal que resulte de aplicaci\u00f3n), le ofrecemos una Garant\u00eda Voluntaria de Devoluci\u00f3n que le permite desistir del contrato de compraventa sin necesidad de alegar justa causa durante los 46 d\u00edas siguientes al Periodo de Desistimiento, lo cual supone que el periodo de devoluci\u00f3n sea en total de 60 d\u00edas (de ahora en adelante, el \u00abPeriodo Voluntario de Devoluci\u00f3n\u00bb).<\/p><p>Tenga en cuenta que el Periodo Voluntario de Devoluci\u00f3n no se aplica en los Productos Personalizados (ni cualquier se\u00f1alado en el apartado 7.3.&nbsp; En este caso le comunicamos que se aplica el Periodo Voluntario de Devoluci\u00f3n \u00fanicamente de 14 d\u00edas).<\/p><p>Ofrecemos esta Garant\u00eda Voluntaria de Devoluci\u00f3n con sujeci\u00f3n a las disposiciones del derecho de Desistimiento, Cambios y Devoluciones y a las siguientes condiciones:<\/p><ul class=\"wp-block-list\"><li>Los Productos Oficiales no pueden haber sido usados o presentar da\u00f1os m\u00e1s all\u00e1 del uso normal para inspecci\u00f3n, y tendr\u00e1n que devolverse en su empaque original.<ul><li>\u00danicamente se admitir\u00e1n devoluciones de prendas de ropa cuando no se haya retirado la etiqueta original (nada del anterior afecta a los derechos legales descritos anteriormente, especialmente, al derecho de garant\u00eda y al derecho de desistimiento).<\/li><\/ul><ul><li>Nos reservamos el derecho a rechazar la devoluci\u00f3n amparo de esta Garant\u00eda Voluntaria de Devoluci\u00f3n sin ninguna compensaci\u00f3n cuando los Productos Est\u00e1ndares devueltos no re\u00fanan las condiciones anteriores.<\/li><\/ul><\/li><\/ul><p>Si se desistiera del contrato de compraventa durante el Periodo Voluntario de Devoluci\u00f3n, le reembolsaremos la totalidad del importe recibido, incluyendo los gastos de env\u00edo (siempre que los Productos Oficiales devueltos integren el pedido completo, y con la excepci\u00f3n de aquellos gastos adicionales que tengan su origen en la elecci\u00f3n de una forma de env\u00edo diferente al est\u00e1ndar m\u00e1s econ\u00f3mica que ofrecemos, cuando proceda) en el plazo de catorce (14) d\u00edas siguientes a la fecha en la cual hayamos recibido la notificaci\u00f3n de devoluci\u00f3n. Para proceder a este reembolso, utilizaremos la misma forma de pago utilizada para realizar la transacci\u00f3n original, salvo que se pacte una forma diferente; en ninguna circunstancia se grabar\u00e1n tales reembolsos con tasas adicionales.<\/p><ul class=\"wp-block-list\"><li><strong>Garant\u00eda Legal<\/strong><\/li><\/ul><p>En caso de productos defectuosos, de acuerdo con lo establecido en el RDL 1\/2007, de 16 de noviembre, por el cual se aprueba el texto refundido de la Ley General para la Defensa de los Consumidores y Usuarios y otras leyes complementarias, el usuario o usuaria podr\u00e1 proceder al cambio del producto mediante el proceso de devoluci\u00f3n con un justificante de compra v\u00e1lido en un plazo de tres (3) a\u00f1os a partir de la fecha de entrega (para aquellos productos adquiridos antes del 1 de enero de 2022 el plazo ser\u00e1 de dos (2) a\u00f1os a partir de la fecha de entrega. Esta garant\u00eda legal regular\u00e1 todos los supuestos relativos a la aplicaci\u00f3n de la garant\u00eda legal que se regir\u00e1 siempre por el que se establece en los art\u00edculos 114 a 126 del RDL 1\/2007 con independencia que la ley Aplicable en el contrato sea (en caso de consumidores\/as y usuarios\/as) la del domicilio del consumidor o consumidora, siempre que este o esta resida en un estado miembro de la EEE.<\/p><ol class=\"wp-block-list\" type=\"1\"><li><strong>Copyright<\/strong><\/li><\/ol><p>Todo el contenido de este sitio web son propiedad de Girona FC S.A.D. Todo el contenido de los proveedores est\u00e1 protegido por las leyes internacionales de Derechos de Autor.<\/p><ol class=\"wp-block-list\" type=\"1\"><li><strong>Derechos reservados<\/strong><br><br><\/li><\/ol><p>Se da permiso para copiar electr\u00f3nicamente e imprimir en papel en toda esta p\u00e1gina web, con el prop\u00f3sito de tramitar un pedido en la Tienda En l\u00ednea Girona FC y para usar esta p\u00e1gina web con el prop\u00f3sito exclusivo de recurso de compra.<\/p><p>Girona FC es una marca registrada por el Girona FC S.A.D. Todas las otras marcas registradas, nombres de producto, de empresa y \/ o logotipos mencionados, son propiedad de sus respectivos titulares. No est\u00e1 permitida la utilizaci\u00f3n de las marcas registradas sin el consentimiento previo y por escrito del propietario, as\u00ed como de las terceras partes que sean titulares de las mismas.<\/p><p>Por m\u00e1s informaci\u00f3n en asuntos de la Propiedad Intelectual, ponerse contacto con nuestro Departamento Legal:<\/p><p>Girona F\u00fatbol Club, S.A.D.<\/p><p>Estadio Municipal Montilivi<\/p><p>Avda. Montilivi 141.<\/p><p>17003, Girona.<\/p><p>E-mail: <a href=\"mailto:info@gironafc.cat\">info@gironafc.cat<\/a><\/p><ol class=\"wp-block-list\" type=\"1\"><li><strong>Pol\u00edtica de Privacidad&nbsp; y Tratamiento de Datos<\/strong><\/li><\/ol><p>Si desea obtener mayor informaci\u00f3n sobre la pol\u00edtica de privacidad del Club, visite nuestro apartado Pol\u00edtica de Privacidad en nuestra p\u00e1gina <a href=\"https:\/\/www.gironafc.cat\/es\/politica-de-privacidad\">https:\/\/www.gironafc.cat\/es\/politica-de-privacidad<\/a><\/p><p>As\u00ed mismo le informamos que sus datos ser\u00e1n incorporados a un fichero automatizado titularidad GIRONA FC debidamente inscrito al Registro General de Protecci\u00f3n de Datos de Car\u00e1cter Personal, <strong>principalmente con las siguientes finalidades<\/strong>:<\/p><p>\u2022 Responder a sus consultas y solicitudes;<\/p><p>\u2022 Comercializaci\u00f3n, mantenimiento de la presente relaci\u00f3n y gesti\u00f3n del Servicio.<\/p><p>\u2022 Env\u00edo de comunicaciones comerciales tanto en apoyo telem\u00e1tico como en papel.<\/p><p>GIRONA FC le informa que, en su caso, pueden realizarse las siguientes cesiones:<\/p><ul class=\"wp-block-list\"><li>A las Autoridades Tributarias, para el cumplimiento de obligaciones fiscales, as\u00ed como a Entidades Financieras para la gesti\u00f3n de cobros y pagos.<ul><li>A las Oficinas Municipales de Informaci\u00f3n al Consumidor, o cualquier otra administraci\u00f3n local, auton\u00f3mica o estatal con competencias en materia de conflictos con consumidores.<\/li><\/ul><ul><li>A Juzgados y Tribunales, Fuerzas y Cuerpos de Seguridad de acuerdo con los requisitos que impone la normativa de protecci\u00f3n de datos.<\/li><\/ul><\/li><\/ul><p>Para consultar el resto de finalidades visite nuestro apartado de Pol\u00edtica de Privacidad en nuestra p\u00e0gina web <a href=\"https:\/\/www.gironafc.cat\/es\/politica-de-privacidad\">https:\/\/www.gironafc.cat\/es\/politica-de-privacidad<\/a><\/p><p>Usted tiene el derecho a acceder a sus Datos personales y, en cualquier momento, puede ejercitar sus derechos, enviando un correo electr\u00f3nico a <a href=\"mailto:protecciondatos@gironafc.cat\">protecciondatos@gironafc.cat<\/a>&nbsp; indicando su nombre y apellidos y acompa\u00f1ando fotocopia de su DNI, pasaporte o documento v\u00e1lido oficial administrativo.<\/p><ol class=\"wp-block-list\" type=\"1\"><li><strong>Legislaci\u00f3n Aplicable y Fuero<\/strong><\/li><\/ol><p>El Usuario y\/o Cliente contrata con GIRONA FC con sujeci\u00f3n al r\u00e9gimen que en cada momento establezca la normativa vigente espa\u00f1ola aplicable en los Servicios prestados por GIRONA FC en virtud del presente, el Aviso Legal y las Condiciones de Compra.<\/p><ol class=\"wp-block-list\" type=\"1\"><li><strong>Resoluci\u00f3n de litigios en L\u00ednea<\/strong><\/li><\/ol><p>Tal como establece la Ley 7\/2017, de 2 de noviembre, por la cual se incorpora al ordenamiento jur\u00eddico espa\u00f1ol la Directiva 2013\/11\/UE, del Parlamento Europeo y del Consejo, de 21 de mayo de 2013, relativa a la resoluci\u00f3n alternativa de litigios en materia de consumo, os informamos sobre la existencia de la plataforma de resoluci\u00f3n de litigios en l\u00ednea de la Uni\u00f3n Europea. Encontrar\u00e9is m\u00e1s informaci\u00f3n en el siguiente link:.https:\/\/ec.europa.eu\/consumers\/odr. As\u00ed mismo, os informamos que la participaci\u00f3n en el proceso de resoluci\u00f3n de disputas en l\u00ednea se voluntaria para ambas partes.<\/p><ol class=\"wp-block-list\" type=\"1\"><li><strong><em><u>no encuentras lo que necesitas?<\/u><\/em><\/strong><\/li><\/ol><p>Por favor env\u00edanos un correo a <a href=\"mailto:botigaonline@gironafc.cat\">botigaonline@gironafc.cat<\/a> o bien mediante un correo ordinario dirigido a &nbsp;GIRONA FC, Avinguda Montilivi, 141,17003 Girona e intentaremos resolver tus dudas.<\/p><p><strong>Anexo<\/strong><\/p><p><strong>Modelo de formulario de desistimiento (Solo tiene que rellenar y enviar el presente formulario si desea desistir del contrato)<\/strong><\/p><p>A la atenci\u00f3n de Girona Futbol Club, SAD actuando bajo el nombre comercial de Girona FC , con domicilio en Av. Montilivi 141, 17003 Girona, Espa\u00f1a y correo electr\u00f3nico <a href=\"mailto:botigaonline@gironafc.cat\">botigaonline@gironafc.cat<\/a><\/p><p><strong>Por la presente le comunico que desisto de mi contrato de compra venta del siguiente producto:<\/strong><\/p><p><strong>Pedido el\/recibido el (*):<\/strong><\/p><p><strong>Nombre del consumidor:<\/strong><\/p><p><strong>Direcci\u00f3n del consumidor:<\/strong><\/p><p><strong>Firma del consumidor (solo si el presente formulario se presenta en papel)<\/strong><\/p><p><strong>Fecha:<\/strong><\/p><p><strong>(*) T\u00e1chese lo que no proceda<\/strong><\/p>","protected":false},"excerpt":{"rendered":"<p>CONDICIONES DE VENTA Recomendamos leer los siguientes puntos antes de utilizar la tienda en l\u00ednea del Girona FC. Al utilizar esta p\u00e1gina web, el usuario est\u00e1 de acuerdo con los t\u00e9rminos de uso que detallamos a continuaci\u00f3n. Si no est\u00e1s de acuerdo con los t\u00e9rminos de uso, te pedimos abandones la tienda en l\u00ednea. Web [&hellip;]<\/p>\n","protected":false},"author":15396,"featured_media":0,"parent":0,"menu_order":0,"comment_status":"closed","ping_status":"closed","template":"","meta":{"_acf_changed":false,"footnotes":""},"class_list":["post-4341609","page","type-page","status-publish","hentry"],"acf":[],"_links":{"self":[{"href":"https:\/\/botiga.gironafc.cat\/es\/wp-json\/wp\/v2\/pages\/4341609","targetHints":{"allow":["GET"]}}],"collection":[{"href":"https:\/\/botiga.gironafc.cat\/es\/wp-json\/wp\/v2\/pages"}],"about":[{"href":"https:\/\/botiga.gironafc.cat\/es\/wp-json\/wp\/v2\/types\/page"}],"author":[{"embeddable":true,"href":"https:\/\/botiga.gironafc.cat\/es\/wp-json\/wp\/v2\/users\/15396"}],"replies":[{"embeddable":true,"href":"https:\/\/botiga.gironafc.cat\/es\/wp-json\/wp\/v2\/comments?post=4341609"}],"version-history":[{"count":0,"href":"https:\/\/botiga.gironafc.cat\/es\/wp-json\/wp\/v2\/pages\/4341609\/revisions"}],"wp:attachment":[{"href":"https:\/\/botiga.gironafc.cat\/es\/wp-json\/wp\/v2\/media?parent=4341609"}],"curies":[{"name":"wp","href":"https:\/\/api.w.org\/{rel}","templated":true}]}}