{"id":4244042,"date":"2022-12-16T12:41:36","date_gmt":"2022-12-16T11:41:37","guid":{"rendered":"https:\/\/botiga.gironafc.cat\/?post_type=product&#038;p=4244042"},"modified":"2026-01-19T09:47:09","modified_gmt":"2026-01-19T08:47:09","slug":"libro-para-pintar","status":"publish","type":"product","link":"https:\/\/botiga.gironafc.cat\/es\/producto\/libro-para-pintar\/","title":{"rendered":"Libro para pintar"},"content":{"rendered":"","protected":false},"excerpt":{"rendered":"<p>Libro con l\u00e1minas para colorear pensado para los m\u00e1s peque\u00f1os. Consta de 16 l\u00e1minas en formato DIN A4 en las que se puede ver a Sisa en varios lugares de la provincia o la Ca\u00f1a jugando al futbol\u00edn o disfrutando de un partido en Montilivi.<\/p>\n","protected":false},"featured_media":4244045,"comment_status":"closed","ping_status":"closed","template":"","meta":{"_acf_changed":false},"product_cat":[1917,1641,1640,1943,1834,1770,1651,1949],"product_tag":[],"giftcard-category":[],"class_list":{"0":"post-4244042","1":"product","2":"type-product","3":"status-publish","4":"has-post-thumbnail","6":"product_cat-70-blackweek-es","7":"product_cat-accessoris-es","8":"product_cat-aficionats-es","9":"product_cat-kids-days-es","10":"product_cat-material-escolar-es","11":"product_cat-mosca-sisa-es","12":"product_cat-nens-es","13":"product_cat-redweek-es","15":"first","16":"instock","17":"taxable","18":"shipping-taxable","19":"purchasable","20":"product-type-simple"},"acf":[],"_links":{"self":[{"href":"https:\/\/botiga.gironafc.cat\/es\/wp-json\/wp\/v2\/product\/4244042","targetHints":{"allow":["GET"]}}],"collection":[{"href":"https:\/\/botiga.gironafc.cat\/es\/wp-json\/wp\/v2\/product"}],"about":[{"href":"https:\/\/botiga.gironafc.cat\/es\/wp-json\/wp\/v2\/types\/product"}],"replies":[{"embeddable":true,"href":"https:\/\/botiga.gironafc.cat\/es\/wp-json\/wp\/v2\/comments?post=4244042"}],"wp:featuredmedia":[{"embeddable":true,"href":"https:\/\/botiga.gironafc.cat\/es\/wp-json\/wp\/v2\/media\/4244045"}],"wp:attachment":[{"href":"https:\/\/botiga.gironafc.cat\/es\/wp-json\/wp\/v2\/media?parent=4244042"}],"wp:term":[{"taxonomy":"product_cat","embeddable":true,"href":"https:\/\/botiga.gironafc.cat\/es\/wp-json\/wp\/v2\/product_cat?post=4244042"},{"taxonomy":"product_tag","embeddable":true,"href":"https:\/\/botiga.gironafc.cat\/es\/wp-json\/wp\/v2\/product_tag?post=4244042"},{"taxonomy":"giftcard-category","embeddable":true,"href":"https:\/\/botiga.gironafc.cat\/es\/wp-json\/wp\/v2\/giftcard-category?post=4244042"}],"curies":[{"name":"wp","href":"https:\/\/api.w.org\/{rel}","templated":true}]}}