{"id":4246387,"date":"2023-01-19T15:04:04","date_gmt":"2023-01-19T14:04:07","guid":{"rendered":"https:\/\/botiga.gironafc.cat\/?post_type=product&#038;p=4246387"},"modified":"2026-04-14T11:01:35","modified_gmt":"2026-04-14T10:01:35","slug":"pelele-algodon","status":"publish","type":"product","link":"https:\/\/botiga.gironafc.cat\/es\/producto\/pelele-algodon\/","title":{"rendered":"Pelele Algod\u00f3n"},"content":{"rendered":"","protected":false},"excerpt":{"rendered":"<p>Con el pelele de algod\u00f3n podr\u00e1s vestir a tu beb\u00e9 con los colores del Girona FC. Con un dise\u00f1o c\u00e1lido de una sola prenda de manga y pantal\u00f3n largo, con cierre de broche para poder cambiar c\u00f3modamente a tu beb\u00e9.<\/p>\n","protected":false},"featured_media":4246394,"comment_status":"open","ping_status":"closed","template":"","meta":{"_acf_changed":false},"product_cat":[1917,1828,1943,1651],"product_tag":[],"giftcard-category":[],"class_list":{"0":"post-4246387","1":"product","2":"type-product","3":"status-publish","4":"has-post-thumbnail","6":"product_cat-70-blackweek-es","7":"product_cat-bebes","8":"product_cat-kids-days-es","9":"product_cat-nens-es","11":"first","12":"outofstock","13":"sale","14":"taxable","15":"shipping-taxable","16":"purchasable","17":"product-type-variable"},"acf":[],"_links":{"self":[{"href":"https:\/\/botiga.gironafc.cat\/es\/wp-json\/wp\/v2\/product\/4246387","targetHints":{"allow":["GET"]}}],"collection":[{"href":"https:\/\/botiga.gironafc.cat\/es\/wp-json\/wp\/v2\/product"}],"about":[{"href":"https:\/\/botiga.gironafc.cat\/es\/wp-json\/wp\/v2\/types\/product"}],"replies":[{"embeddable":true,"href":"https:\/\/botiga.gironafc.cat\/es\/wp-json\/wp\/v2\/comments?post=4246387"}],"wp:featuredmedia":[{"embeddable":true,"href":"https:\/\/botiga.gironafc.cat\/es\/wp-json\/wp\/v2\/media\/4246394"}],"wp:attachment":[{"href":"https:\/\/botiga.gironafc.cat\/es\/wp-json\/wp\/v2\/media?parent=4246387"}],"wp:term":[{"taxonomy":"product_cat","embeddable":true,"href":"https:\/\/botiga.gironafc.cat\/es\/wp-json\/wp\/v2\/product_cat?post=4246387"},{"taxonomy":"product_tag","embeddable":true,"href":"https:\/\/botiga.gironafc.cat\/es\/wp-json\/wp\/v2\/product_tag?post=4246387"},{"taxonomy":"giftcard-category","embeddable":true,"href":"https:\/\/botiga.gironafc.cat\/es\/wp-json\/wp\/v2\/giftcard-category?post=4246387"}],"curies":[{"name":"wp","href":"https:\/\/api.w.org\/{rel}","templated":true}]}}