{"id":4247338,"date":"2023-02-21T13:21:11","date_gmt":"2023-02-21T12:21:13","guid":{"rendered":"https:\/\/botiga.gironafc.cat\/?post_type=product&#038;p=4247338"},"modified":"2025-12-13T02:49:52","modified_gmt":"2025-12-13T01:49:52","slug":"gorro-de-lana","status":"publish","type":"product","link":"https:\/\/botiga.gironafc.cat\/es\/producto\/gorro-de-lana\/","title":{"rendered":"Gorro de lana"},"content":{"rendered":"","protected":false},"excerpt":{"rendered":"<p>Mant\u00e9n el estilo y la calidez en los d\u00edas fr\u00edos con este gorro oficial del Girona FC. Fabricado en tejido de punto gris jaspeado, ofrece comodidad y ajuste perfecto. Incluye vuelta en la parte inferior y el escudo del Girona FC bordado en negro en la parte frontal, aportando un toque elegante y deportivo. Ideal para aficionados que quieren lucir los colores del club con discreci\u00f3n y clase.<\/p>\n","protected":false},"featured_media":4247341,"comment_status":"closed","ping_status":"closed","template":"","meta":{"_acf_changed":false},"product_cat":[1917,1839],"product_tag":[],"giftcard-category":[],"class_list":{"0":"post-4247338","1":"product","2":"type-product","3":"status-publish","4":"has-post-thumbnail","6":"product_cat-70-blackweek-es","7":"product_cat-gorras-y-sombreros","9":"first","10":"instock","11":"taxable","12":"shipping-taxable","13":"purchasable","14":"product-type-simple"},"acf":[],"_links":{"self":[{"href":"https:\/\/botiga.gironafc.cat\/es\/wp-json\/wp\/v2\/product\/4247338","targetHints":{"allow":["GET"]}}],"collection":[{"href":"https:\/\/botiga.gironafc.cat\/es\/wp-json\/wp\/v2\/product"}],"about":[{"href":"https:\/\/botiga.gironafc.cat\/es\/wp-json\/wp\/v2\/types\/product"}],"replies":[{"embeddable":true,"href":"https:\/\/botiga.gironafc.cat\/es\/wp-json\/wp\/v2\/comments?post=4247338"}],"wp:featuredmedia":[{"embeddable":true,"href":"https:\/\/botiga.gironafc.cat\/es\/wp-json\/wp\/v2\/media\/4247341"}],"wp:attachment":[{"href":"https:\/\/botiga.gironafc.cat\/es\/wp-json\/wp\/v2\/media?parent=4247338"}],"wp:term":[{"taxonomy":"product_cat","embeddable":true,"href":"https:\/\/botiga.gironafc.cat\/es\/wp-json\/wp\/v2\/product_cat?post=4247338"},{"taxonomy":"product_tag","embeddable":true,"href":"https:\/\/botiga.gironafc.cat\/es\/wp-json\/wp\/v2\/product_tag?post=4247338"},{"taxonomy":"giftcard-category","embeddable":true,"href":"https:\/\/botiga.gironafc.cat\/es\/wp-json\/wp\/v2\/giftcard-category?post=4247338"}],"curies":[{"name":"wp","href":"https:\/\/api.w.org\/{rel}","templated":true}]}}