{"id":4248333,"date":"2023-04-12T12:33:37","date_gmt":"2023-04-12T11:33:37","guid":{"rendered":"https:\/\/botiga.gironafc.cat\/?post_type=product&#038;p=4248333"},"modified":"2025-12-16T18:06:49","modified_gmt":"2025-12-16T17:06:49","slug":"almohada-rayas-escudo","status":"publish","type":"product","link":"https:\/\/botiga.gironafc.cat\/es\/producto\/almohada-rayas-escudo\/","title":{"rendered":"Almohada Rayas Escudo"},"content":{"rendered":"","protected":false},"excerpt":{"rendered":"<p><strong>CARACTER\u00cdSTICAS<\/strong><\/p>\n<ul>\n<li><strong>Medida:<\/strong> 40x40cm<\/li>\n<li><strong>Composici\u00f3n:<\/strong> 100% poli\u00e9ster, relleno de algod\u00f3n acr\u00edlico hipoalerg\u00e9nico, antiest\u00e1tico y antibacterias. Tacto suave.<\/li>\n<\/ul>\n","protected":false},"featured_media":4248336,"comment_status":"open","ping_status":"closed","template":"","meta":{"_acf_changed":false},"product_cat":[1917,1837],"product_tag":[],"giftcard-category":[],"class_list":{"0":"post-4248333","1":"product","2":"type-product","3":"status-publish","4":"has-post-thumbnail","6":"product_cat-70-blackweek-es","7":"product_cat-hogar","9":"first","10":"outofstock","11":"taxable","12":"shipping-taxable","13":"purchasable","14":"product-type-simple"},"acf":[],"_links":{"self":[{"href":"https:\/\/botiga.gironafc.cat\/es\/wp-json\/wp\/v2\/product\/4248333","targetHints":{"allow":["GET"]}}],"collection":[{"href":"https:\/\/botiga.gironafc.cat\/es\/wp-json\/wp\/v2\/product"}],"about":[{"href":"https:\/\/botiga.gironafc.cat\/es\/wp-json\/wp\/v2\/types\/product"}],"replies":[{"embeddable":true,"href":"https:\/\/botiga.gironafc.cat\/es\/wp-json\/wp\/v2\/comments?post=4248333"}],"wp:featuredmedia":[{"embeddable":true,"href":"https:\/\/botiga.gironafc.cat\/es\/wp-json\/wp\/v2\/media\/4248336"}],"wp:attachment":[{"href":"https:\/\/botiga.gironafc.cat\/es\/wp-json\/wp\/v2\/media?parent=4248333"}],"wp:term":[{"taxonomy":"product_cat","embeddable":true,"href":"https:\/\/botiga.gironafc.cat\/es\/wp-json\/wp\/v2\/product_cat?post=4248333"},{"taxonomy":"product_tag","embeddable":true,"href":"https:\/\/botiga.gironafc.cat\/es\/wp-json\/wp\/v2\/product_tag?post=4248333"},{"taxonomy":"giftcard-category","embeddable":true,"href":"https:\/\/botiga.gironafc.cat\/es\/wp-json\/wp\/v2\/giftcard-category?post=4248333"}],"curies":[{"name":"wp","href":"https:\/\/api.w.org\/{rel}","templated":true}]}}