{"id":4249106,"date":"2023-05-16T09:03:58","date_gmt":"2023-05-16T08:04:02","guid":{"rendered":"https:\/\/botiga.gironafc.cat\/?post_type=product&#038;p=4249106"},"modified":"2024-01-07T15:15:27","modified_gmt":"2024-01-07T14:15:27","slug":"camiseta-girona-fc-copia","status":"publish","type":"product","link":"https:\/\/botiga.gironafc.cat\/es\/producto\/camiseta-girona-fc-copia\/","title":{"rendered":"Camiseta Fan Cotton Adulto"},"content":{"rendered":"","protected":false},"excerpt":{"rendered":"<p>Camiseta de la nueva colecci\u00f3n. Con el escudo bordado. Manga corta.<\/p>\n<p>Lavar a m\u00e1quina a m\u00e1x. 30 \u00b0C.<\/p>\n<p>Composici\u00f3n: 100% algod\u00f3n org\u00e1nico antibacteriano 175gr.<\/p>\n<p><a href=\"https:\/\/botiga.gironafc.cat\/wp-content\/uploads\/2023\/05\/guia-talles-samarretafancotton.pdf\">guia-talles-samarretafancotton<\/a><\/p>\n","protected":false},"featured_media":4325010,"comment_status":"closed","ping_status":"closed","template":"","meta":{"_acf_changed":false},"product_cat":[1644],"product_tag":[],"giftcard-category":[],"class_list":{"0":"post-4249106","1":"product","2":"type-product","3":"status-publish","4":"has-post-thumbnail","6":"product_cat-moda-es","8":"first","9":"outofstock","10":"taxable","11":"shipping-taxable","12":"purchasable","13":"product-type-variable"},"acf":[],"_links":{"self":[{"href":"https:\/\/botiga.gironafc.cat\/es\/wp-json\/wp\/v2\/product\/4249106","targetHints":{"allow":["GET"]}}],"collection":[{"href":"https:\/\/botiga.gironafc.cat\/es\/wp-json\/wp\/v2\/product"}],"about":[{"href":"https:\/\/botiga.gironafc.cat\/es\/wp-json\/wp\/v2\/types\/product"}],"replies":[{"embeddable":true,"href":"https:\/\/botiga.gironafc.cat\/es\/wp-json\/wp\/v2\/comments?post=4249106"}],"wp:featuredmedia":[{"embeddable":true,"href":"https:\/\/botiga.gironafc.cat\/es\/wp-json\/wp\/v2\/media\/4325010"}],"wp:attachment":[{"href":"https:\/\/botiga.gironafc.cat\/es\/wp-json\/wp\/v2\/media?parent=4249106"}],"wp:term":[{"taxonomy":"product_cat","embeddable":true,"href":"https:\/\/botiga.gironafc.cat\/es\/wp-json\/wp\/v2\/product_cat?post=4249106"},{"taxonomy":"product_tag","embeddable":true,"href":"https:\/\/botiga.gironafc.cat\/es\/wp-json\/wp\/v2\/product_tag?post=4249106"},{"taxonomy":"giftcard-category","embeddable":true,"href":"https:\/\/botiga.gironafc.cat\/es\/wp-json\/wp\/v2\/giftcard-category?post=4249106"}],"curies":[{"name":"wp","href":"https:\/\/api.w.org\/{rel}","templated":true}]}}