{"id":4328466,"date":"2023-11-08T16:44:49","date_gmt":"2023-11-08T15:44:50","guid":{"rendered":"https:\/\/botiga.gironafc.cat\/?post_type=product&#038;p=4328466"},"modified":"2026-01-25T14:46:33","modified_gmt":"2026-01-25T13:46:33","slug":"balon-girona-futbol-club","status":"publish","type":"product","link":"https:\/\/botiga.gironafc.cat\/es\/producto\/balon-girona-futbol-club\/","title":{"rendered":"Bal\u00f3n Girona Futbol Club"},"content":{"rendered":"","protected":false},"excerpt":{"rendered":"<p>Bal\u00f3n de tu equipo favorito, el Girona FC. Dise\u00f1ada con los escudos del club. Color blanco y rojo.<\/p>\n<p><strong>Composici\u00f3n y cuidados<\/strong><\/p>\n<p>PVC de alta calidad, Espuma Foam, Polyester, C\u00e1mara de Caucho, V\u00e1lvula de Butil. Talla 5. No se recomienda su uso en superficies abrasivas. Revisar la presi\u00f3n peri\u00f3dicamente.<\/p>\n","protected":false},"featured_media":4415708,"comment_status":"open","ping_status":"closed","template":"","meta":{"_acf_changed":false},"product_cat":[1917,1641,1943,1651,1967,1743],"product_tag":[],"giftcard-category":[],"class_list":{"0":"post-4328466","1":"product","2":"type-product","3":"status-publish","4":"has-post-thumbnail","6":"product_cat-70-blackweek-es","7":"product_cat-accessoris-es","8":"product_cat-kids-days-es","9":"product_cat-nens-es","10":"product_cat-ultimas-unidades","11":"product_cat-uncategorized-es-2","13":"first","14":"instock","15":"sale","16":"taxable","17":"shipping-taxable","18":"purchasable","19":"product-type-simple"},"acf":[],"_links":{"self":[{"href":"https:\/\/botiga.gironafc.cat\/es\/wp-json\/wp\/v2\/product\/4328466","targetHints":{"allow":["GET"]}}],"collection":[{"href":"https:\/\/botiga.gironafc.cat\/es\/wp-json\/wp\/v2\/product"}],"about":[{"href":"https:\/\/botiga.gironafc.cat\/es\/wp-json\/wp\/v2\/types\/product"}],"replies":[{"embeddable":true,"href":"https:\/\/botiga.gironafc.cat\/es\/wp-json\/wp\/v2\/comments?post=4328466"}],"wp:featuredmedia":[{"embeddable":true,"href":"https:\/\/botiga.gironafc.cat\/es\/wp-json\/wp\/v2\/media\/4415708"}],"wp:attachment":[{"href":"https:\/\/botiga.gironafc.cat\/es\/wp-json\/wp\/v2\/media?parent=4328466"}],"wp:term":[{"taxonomy":"product_cat","embeddable":true,"href":"https:\/\/botiga.gironafc.cat\/es\/wp-json\/wp\/v2\/product_cat?post=4328466"},{"taxonomy":"product_tag","embeddable":true,"href":"https:\/\/botiga.gironafc.cat\/es\/wp-json\/wp\/v2\/product_tag?post=4328466"},{"taxonomy":"giftcard-category","embeddable":true,"href":"https:\/\/botiga.gironafc.cat\/es\/wp-json\/wp\/v2\/giftcard-category?post=4328466"}],"curies":[{"name":"wp","href":"https:\/\/api.w.org\/{rel}","templated":true}]}}