{"id":4335697,"date":"2023-12-14T12:15:42","date_gmt":"2023-12-14T11:15:48","guid":{"rendered":"https:\/\/botiga.gironafc.cat\/?post_type=product&#038;p=4335697"},"modified":"2023-12-14T12:28:32","modified_gmt":"2023-12-14T11:28:32","slug":"calcetines-open-arms","status":"publish","type":"product","link":"https:\/\/botiga.gironafc.cat\/es\/producto\/calcetines-open-arms\/","title":{"rendered":"Calcetines Open Arms"},"content":{"rendered":"","protected":false},"excerpt":{"rendered":"<div>\n<div>\n<p>Comprando o regalando nuestros calcetines con motivos marineros est\u00e1s ayud\u00e1ndonos a llevar a cabo nuestra misi\u00f3n 107 a bordo del Open Arms: la misi\u00f3n de Navidad. Porque peque\u00f1os detalles como este marcan la diferencia.<\/p>\n<h2>CARACTER\u00cdSTICAS:<\/h2>\n<p>Calcetines unisex de tiro alto en color rojo y blanco, con motivos mar\u00edtimos y estampaci\u00f3n del nombre de la organizaci\u00f3n en el empeine.<\/p>\n<h2>MATERIAL:<\/h2>\n<p>90% algod\u00f3n<\/p>\n<p>8% elastomero<\/p>\n<p>2% elastano<\/p>\n<h2>MEDIDAS CALCETINES:<\/h2>\n<p>M 35-40 &#8211;<\/p>\n<p>G 41-45 &#8211;<\/p>\n<p>XL 46-48 &#8211;<\/p>\n<\/div>\n<\/div>\n","protected":false},"featured_media":4335740,"comment_status":"closed","ping_status":"closed","template":"","meta":{"_acf_changed":false},"product_cat":[1859],"product_tag":[],"giftcard-category":[],"class_list":{"0":"post-4335697","1":"product","2":"type-product","3":"status-publish","4":"has-post-thumbnail","6":"product_cat-open-arms-es","8":"first","9":"outofstock","10":"taxable","11":"shipping-taxable","12":"purchasable","13":"product-type-variable"},"acf":[],"_links":{"self":[{"href":"https:\/\/botiga.gironafc.cat\/es\/wp-json\/wp\/v2\/product\/4335697","targetHints":{"allow":["GET"]}}],"collection":[{"href":"https:\/\/botiga.gironafc.cat\/es\/wp-json\/wp\/v2\/product"}],"about":[{"href":"https:\/\/botiga.gironafc.cat\/es\/wp-json\/wp\/v2\/types\/product"}],"replies":[{"embeddable":true,"href":"https:\/\/botiga.gironafc.cat\/es\/wp-json\/wp\/v2\/comments?post=4335697"}],"wp:featuredmedia":[{"embeddable":true,"href":"https:\/\/botiga.gironafc.cat\/es\/wp-json\/wp\/v2\/media\/4335740"}],"wp:attachment":[{"href":"https:\/\/botiga.gironafc.cat\/es\/wp-json\/wp\/v2\/media?parent=4335697"}],"wp:term":[{"taxonomy":"product_cat","embeddable":true,"href":"https:\/\/botiga.gironafc.cat\/es\/wp-json\/wp\/v2\/product_cat?post=4335697"},{"taxonomy":"product_tag","embeddable":true,"href":"https:\/\/botiga.gironafc.cat\/es\/wp-json\/wp\/v2\/product_tag?post=4335697"},{"taxonomy":"giftcard-category","embeddable":true,"href":"https:\/\/botiga.gironafc.cat\/es\/wp-json\/wp\/v2\/giftcard-category?post=4335697"}],"curies":[{"name":"wp","href":"https:\/\/api.w.org\/{rel}","templated":true}]}}