{"id":4338866,"date":"2024-01-17T12:16:09","date_gmt":"2024-01-17T11:16:11","guid":{"rendered":"https:\/\/botiga.gironafc.cat\/?post_type=product&#038;p=4338866"},"modified":"2025-08-06T08:23:11","modified_gmt":"2025-08-06T07:23:11","slug":"pelota-sonajero","status":"publish","type":"product","link":"https:\/\/botiga.gironafc.cat\/es\/producto\/pelota-sonajero\/","title":{"rendered":"Pelota Sonajero"},"content":{"rendered":"","protected":false},"excerpt":{"rendered":"<p>Despierta la curiosidad de tu peque\u00f1o!!<\/p>\n<p>La primera pelota para tu beb\u00e9, con la que estimular\u00e1 su coordinaci\u00f3n y le incentivar\u00e1 en sus primeros desplazamientos. Blando, divertido y f\u00e1cil de usar, le ayuda a ganar autoestima ya desarrollar su coordinaci\u00f3n motora. \u00a1Muy f\u00e1cil de coger!<br \/>\nEspecialmente dise\u00f1ado para sus peque\u00f1as manijas. Muy suave, con agradable sonido de cascabel.<\/p>\n<p><strong>Advertencia:<\/strong> Los elementos del embalaje deben ser retirados por un adulto antes de dar el juguete al ni\u00f1o. Antes de cada uso, inspeccione el producto. Rechazar al primer signo de deterioro o fragilidad.<\/p>\n<p>De acuerdo a la norma EN 71.<\/p>\n","protected":false},"featured_media":4338869,"comment_status":"closed","ping_status":"closed","template":"","meta":{"_acf_changed":false},"product_cat":[1917,1828,1943,1651,1967],"product_tag":[],"giftcard-category":[],"class_list":{"0":"post-4338866","1":"product","2":"type-product","3":"status-publish","4":"has-post-thumbnail","6":"product_cat-70-blackweek-es","7":"product_cat-bebes","8":"product_cat-kids-days-es","9":"product_cat-nens-es","10":"product_cat-ultimas-unidades","12":"first","13":"outofstock","14":"sale","15":"taxable","16":"shipping-taxable","17":"purchasable","18":"product-type-simple"},"acf":[],"_links":{"self":[{"href":"https:\/\/botiga.gironafc.cat\/es\/wp-json\/wp\/v2\/product\/4338866","targetHints":{"allow":["GET"]}}],"collection":[{"href":"https:\/\/botiga.gironafc.cat\/es\/wp-json\/wp\/v2\/product"}],"about":[{"href":"https:\/\/botiga.gironafc.cat\/es\/wp-json\/wp\/v2\/types\/product"}],"replies":[{"embeddable":true,"href":"https:\/\/botiga.gironafc.cat\/es\/wp-json\/wp\/v2\/comments?post=4338866"}],"wp:featuredmedia":[{"embeddable":true,"href":"https:\/\/botiga.gironafc.cat\/es\/wp-json\/wp\/v2\/media\/4338869"}],"wp:attachment":[{"href":"https:\/\/botiga.gironafc.cat\/es\/wp-json\/wp\/v2\/media?parent=4338866"}],"wp:term":[{"taxonomy":"product_cat","embeddable":true,"href":"https:\/\/botiga.gironafc.cat\/es\/wp-json\/wp\/v2\/product_cat?post=4338866"},{"taxonomy":"product_tag","embeddable":true,"href":"https:\/\/botiga.gironafc.cat\/es\/wp-json\/wp\/v2\/product_tag?post=4338866"},{"taxonomy":"giftcard-category","embeddable":true,"href":"https:\/\/botiga.gironafc.cat\/es\/wp-json\/wp\/v2\/giftcard-category?post=4338866"}],"curies":[{"name":"wp","href":"https:\/\/api.w.org\/{rel}","templated":true}]}}