{"id":4338876,"date":"2024-01-17T12:22:31","date_gmt":"2024-01-17T11:22:32","guid":{"rendered":"https:\/\/botiga.gironafc.cat\/?post_type=product&#038;p=4338876"},"modified":"2026-04-06T18:49:11","modified_gmt":"2026-04-06T17:49:11","slug":"juego-de-escritura","status":"publish","type":"product","link":"https:\/\/botiga.gironafc.cat\/es\/producto\/juego-de-escritura\/","title":{"rendered":"Juego de escritura"},"content":{"rendered":"","protected":false},"excerpt":{"rendered":"<p>Libro con l\u00e1minas para colorear pensado para los m\u00e1s peque\u00f1os. Consta de 16 l\u00e1minas en formato DIN A4 en las que se puede ver a Sisa en varios lugares de la provincia o la Ca\u00f1a jugando al futbol\u00edn o disfrutando de un partido en Montilivi.<\/p>\n","protected":false},"featured_media":4338850,"comment_status":"closed","ping_status":"closed","template":"","meta":{"_acf_changed":false},"product_cat":[1917,1641,1640,1943,1834,1997,1651,1949,1967],"product_tag":[],"giftcard-category":[],"class_list":{"0":"post-4338876","1":"product","2":"type-product","3":"status-publish","4":"has-post-thumbnail","6":"product_cat-70-blackweek-es","7":"product_cat-accessoris-es","8":"product_cat-aficionats-es","9":"product_cat-kids-days-es","10":"product_cat-material-escolar-es","11":"product_cat-mega-oferta-es","12":"product_cat-nens-es","13":"product_cat-redweek-es","14":"product_cat-ultimas-unidades","16":"first","17":"instock","18":"sale","19":"taxable","20":"shipping-taxable","21":"purchasable","22":"product-type-simple"},"acf":[],"_links":{"self":[{"href":"https:\/\/botiga.gironafc.cat\/es\/wp-json\/wp\/v2\/product\/4338876","targetHints":{"allow":["GET"]}}],"collection":[{"href":"https:\/\/botiga.gironafc.cat\/es\/wp-json\/wp\/v2\/product"}],"about":[{"href":"https:\/\/botiga.gironafc.cat\/es\/wp-json\/wp\/v2\/types\/product"}],"replies":[{"embeddable":true,"href":"https:\/\/botiga.gironafc.cat\/es\/wp-json\/wp\/v2\/comments?post=4338876"}],"wp:featuredmedia":[{"embeddable":true,"href":"https:\/\/botiga.gironafc.cat\/es\/wp-json\/wp\/v2\/media\/4338850"}],"wp:attachment":[{"href":"https:\/\/botiga.gironafc.cat\/es\/wp-json\/wp\/v2\/media?parent=4338876"}],"wp:term":[{"taxonomy":"product_cat","embeddable":true,"href":"https:\/\/botiga.gironafc.cat\/es\/wp-json\/wp\/v2\/product_cat?post=4338876"},{"taxonomy":"product_tag","embeddable":true,"href":"https:\/\/botiga.gironafc.cat\/es\/wp-json\/wp\/v2\/product_tag?post=4338876"},{"taxonomy":"giftcard-category","embeddable":true,"href":"https:\/\/botiga.gironafc.cat\/es\/wp-json\/wp\/v2\/giftcard-category?post=4338876"}],"curies":[{"name":"wp","href":"https:\/\/api.w.org\/{rel}","templated":true}]}}