{"id":4356826,"date":"2024-06-05T11:59:49","date_gmt":"2024-06-05T10:59:51","guid":{"rendered":"https:\/\/botiga.gironafc.cat\/?post_type=product&#038;p=4356826"},"modified":"2025-12-01T14:09:22","modified_gmt":"2025-12-01T13:09:22","slug":"camiseta-fan-trype-adulto","status":"publish","type":"product","link":"https:\/\/botiga.gironafc.cat\/es\/producto\/camiseta-fan-trype-adulto\/","title":{"rendered":"Camiseta Fan Trype Adulto"},"content":{"rendered":"","protected":false},"excerpt":{"rendered":"<p>Camiseta de la nueva colecci\u00f3n. Con el escudo bordado. Manga corta.<\/p>\n<p>Lavar a m\u00e1quina a m\u00e1x. 30 \u00b0C.<\/p>\n<p>Composici\u00f3n: 100% algod\u00f3n org\u00e1nico antibacteriano 175gr.<\/p>\n<p><a href=\"https:\/\/botiga.gironafc.cat\/wp-content\/uploads\/2024\/06\/guia-talles-samarretafancottonstripe.pdf\">Guia-Talles-SamarretaFanCottonStripe<\/a><\/p>\n","protected":false},"featured_media":4414844,"comment_status":"closed","ping_status":"closed","template":"","meta":{"_acf_changed":false},"product_cat":[1917,1644],"product_tag":[],"giftcard-category":[],"class_list":{"0":"post-4356826","1":"product","2":"type-product","3":"status-publish","4":"has-post-thumbnail","6":"product_cat-70-blackweek-es","7":"product_cat-moda-es","9":"first","10":"outofstock","11":"taxable","12":"shipping-taxable","13":"purchasable","14":"product-type-variable"},"acf":[],"_links":{"self":[{"href":"https:\/\/botiga.gironafc.cat\/es\/wp-json\/wp\/v2\/product\/4356826","targetHints":{"allow":["GET"]}}],"collection":[{"href":"https:\/\/botiga.gironafc.cat\/es\/wp-json\/wp\/v2\/product"}],"about":[{"href":"https:\/\/botiga.gironafc.cat\/es\/wp-json\/wp\/v2\/types\/product"}],"replies":[{"embeddable":true,"href":"https:\/\/botiga.gironafc.cat\/es\/wp-json\/wp\/v2\/comments?post=4356826"}],"wp:featuredmedia":[{"embeddable":true,"href":"https:\/\/botiga.gironafc.cat\/es\/wp-json\/wp\/v2\/media\/4414844"}],"wp:attachment":[{"href":"https:\/\/botiga.gironafc.cat\/es\/wp-json\/wp\/v2\/media?parent=4356826"}],"wp:term":[{"taxonomy":"product_cat","embeddable":true,"href":"https:\/\/botiga.gironafc.cat\/es\/wp-json\/wp\/v2\/product_cat?post=4356826"},{"taxonomy":"product_tag","embeddable":true,"href":"https:\/\/botiga.gironafc.cat\/es\/wp-json\/wp\/v2\/product_tag?post=4356826"},{"taxonomy":"giftcard-category","embeddable":true,"href":"https:\/\/botiga.gironafc.cat\/es\/wp-json\/wp\/v2\/giftcard-category?post=4356826"}],"curies":[{"name":"wp","href":"https:\/\/api.w.org\/{rel}","templated":true}]}}