{"id":4356927,"date":"2024-06-06T09:00:49","date_gmt":"2024-06-06T08:00:51","guid":{"rendered":"https:\/\/botiga.gironafc.cat\/?post_type=product&#038;p=4356927"},"modified":"2024-12-05T22:55:08","modified_gmt":"2024-12-05T21:55:08","slug":"camiseta-fan-trype-junior","status":"publish","type":"product","link":"https:\/\/botiga.gironafc.cat\/es\/producto\/camiseta-fan-trype-junior\/","title":{"rendered":"Camiseta  Fan Trype Junior"},"content":{"rendered":"","protected":false},"excerpt":{"rendered":"<p>Camiseta de la nueva colecci\u00f3n. Con el escudo bordado. Manga corta.<\/p>\n<p>Lavar a m\u00e1quina a m\u00e1x. 30 \u00b0C.<\/p>\n<p>Composici\u00f3n: 100% algod\u00f3n org\u00e1nico antibacteriano 175gr.<\/p>\n<p><a href=\"https:\/\/botiga.gironafc.cat\/wp-content\/uploads\/2024\/06\/guia-talles-samarreta-nen-fancottonstripe.pdf\">Guia-Talles-Samarreta_Nen_FanCottonStripe<\/a><\/p>\n<p>&nbsp;<\/p>\n","protected":false},"featured_media":4414844,"comment_status":"closed","ping_status":"closed","template":"","meta":{"_acf_changed":false},"product_cat":[1917,1943,1644,1911,1651,1922],"product_tag":[],"giftcard-category":[],"class_list":{"0":"post-4356927","1":"product","2":"type-product","3":"status-publish","4":"has-post-thumbnail","6":"product_cat-70-blackweek-es","7":"product_cat-kids-days-es","8":"product_cat-moda-es","9":"product_cat-moda-gironafc-es","10":"product_cat-nens-es","11":"product_cat-rebajas-hasta-cincuenta","13":"first","14":"outofstock","15":"taxable","16":"shipping-taxable","17":"purchasable","18":"product-type-variable"},"acf":[],"_links":{"self":[{"href":"https:\/\/botiga.gironafc.cat\/es\/wp-json\/wp\/v2\/product\/4356927","targetHints":{"allow":["GET"]}}],"collection":[{"href":"https:\/\/botiga.gironafc.cat\/es\/wp-json\/wp\/v2\/product"}],"about":[{"href":"https:\/\/botiga.gironafc.cat\/es\/wp-json\/wp\/v2\/types\/product"}],"replies":[{"embeddable":true,"href":"https:\/\/botiga.gironafc.cat\/es\/wp-json\/wp\/v2\/comments?post=4356927"}],"wp:featuredmedia":[{"embeddable":true,"href":"https:\/\/botiga.gironafc.cat\/es\/wp-json\/wp\/v2\/media\/4414844"}],"wp:attachment":[{"href":"https:\/\/botiga.gironafc.cat\/es\/wp-json\/wp\/v2\/media?parent=4356927"}],"wp:term":[{"taxonomy":"product_cat","embeddable":true,"href":"https:\/\/botiga.gironafc.cat\/es\/wp-json\/wp\/v2\/product_cat?post=4356927"},{"taxonomy":"product_tag","embeddable":true,"href":"https:\/\/botiga.gironafc.cat\/es\/wp-json\/wp\/v2\/product_tag?post=4356927"},{"taxonomy":"giftcard-category","embeddable":true,"href":"https:\/\/botiga.gironafc.cat\/es\/wp-json\/wp\/v2\/giftcard-category?post=4356927"}],"curies":[{"name":"wp","href":"https:\/\/api.w.org\/{rel}","templated":true}]}}