{"id":4357407,"date":"2024-06-13T14:55:24","date_gmt":"2024-06-13T13:55:26","guid":{"rendered":"https:\/\/botiga.gironafc.cat\/?post_type=product&#038;p=4357407"},"modified":"2024-12-05T22:54:54","modified_gmt":"2024-12-05T21:54:54","slug":"banador-negro","status":"publish","type":"product","link":"https:\/\/botiga.gironafc.cat\/es\/producto\/banador-negro\/","title":{"rendered":"Ba\u00f1ador Negro"},"content":{"rendered":"<p>\u00a1El ba\u00f1ador perfecto para ir a la piscina o a la playa con los colores del Girona FC!<\/p>\n<p>Ba\u00f1ador de color negro. Cintura el\u00e1stica con cord\u00f3n blanco y negro para ajustarlos. A la izquierda de la prenda, se puede ver el escudo.<\/p>\n","protected":false},"excerpt":{"rendered":"<p>\u00a1El ba\u00f1ador perfecto para ir a la piscina oa la playa con los colores del Girona FC!<\/p>\n<p>Ba\u00f1ador de color negro. Cintura el\u00e1stica con cord\u00f3n blanco y negro para ajustarlos. A la izquierda de la prenda, se puede ver el escudo.<\/p>\n","protected":false},"featured_media":4357417,"comment_status":"closed","ping_status":"closed","template":"","meta":{"_acf_changed":false},"product_cat":[1783,1949,1649],"product_tag":[],"giftcard-category":[],"class_list":{"0":"post-4357407","1":"product","2":"type-product","3":"status-publish","4":"has-post-thumbnail","6":"product_cat-primavera-verano","7":"product_cat-redweek-es","8":"product_cat-estiu-es","10":"first","11":"instock","12":"taxable","13":"shipping-taxable","14":"purchasable","15":"product-type-variable"},"acf":[],"_links":{"self":[{"href":"https:\/\/botiga.gironafc.cat\/es\/wp-json\/wp\/v2\/product\/4357407","targetHints":{"allow":["GET"]}}],"collection":[{"href":"https:\/\/botiga.gironafc.cat\/es\/wp-json\/wp\/v2\/product"}],"about":[{"href":"https:\/\/botiga.gironafc.cat\/es\/wp-json\/wp\/v2\/types\/product"}],"replies":[{"embeddable":true,"href":"https:\/\/botiga.gironafc.cat\/es\/wp-json\/wp\/v2\/comments?post=4357407"}],"wp:featuredmedia":[{"embeddable":true,"href":"https:\/\/botiga.gironafc.cat\/es\/wp-json\/wp\/v2\/media\/4357417"}],"wp:attachment":[{"href":"https:\/\/botiga.gironafc.cat\/es\/wp-json\/wp\/v2\/media?parent=4357407"}],"wp:term":[{"taxonomy":"product_cat","embeddable":true,"href":"https:\/\/botiga.gironafc.cat\/es\/wp-json\/wp\/v2\/product_cat?post=4357407"},{"taxonomy":"product_tag","embeddable":true,"href":"https:\/\/botiga.gironafc.cat\/es\/wp-json\/wp\/v2\/product_tag?post=4357407"},{"taxonomy":"giftcard-category","embeddable":true,"href":"https:\/\/botiga.gironafc.cat\/es\/wp-json\/wp\/v2\/giftcard-category?post=4357407"}],"curies":[{"name":"wp","href":"https:\/\/api.w.org\/{rel}","templated":true}]}}