{"id":4358493,"date":"2024-06-27T12:35:49","date_gmt":"2024-06-27T11:35:51","guid":{"rendered":"https:\/\/botiga.gironafc.cat\/?post_type=product&#038;p=4358493"},"modified":"2026-03-18T14:02:32","modified_gmt":"2026-03-18T13:02:32","slug":"camiseta-mujer-primera-equipacion-2024-25","status":"publish","type":"product","link":"https:\/\/botiga.gironafc.cat\/es\/producto\/camiseta-mujer-primera-equipacion-2024-25\/","title":{"rendered":"Camiseta Mujer Primera Equipaci\u00f3n 2024\/25"},"content":{"rendered":"<p>(Los art\u00edculos personalizados necesitar\u00e1n 3-4 d\u00edas laborables adicionales al procesamiento)<\/p>\n","protected":false},"excerpt":{"rendered":"<p>&#8211; Camiseta oficial, modelo mujer, de GironaFC Puma para la temporada 2024-2025.<\/p>\n<p>-Con los patrocinadores ETIHAD AIRWAYS y HYLO.<\/p>\n<p>&#8211;\u00a0 Tecnolog\u00eda DryCELL, DryCELL: material altamente funcional que evacua el sudor.<\/p>\n<p><a href=\"https:\/\/botiga.gironafc.cat\/wp-content\/uploads\/2024\/06\/guia-talles-puma2425.pdf\">guia-talles-puma2425<\/a><\/p>\n<p>&nbsp;<\/p>\n","protected":false},"featured_media":4358765,"comment_status":"closed","ping_status":"closed","template":"","meta":{"_acf_changed":false},"product_cat":[1970,1922,1949,1967],"product_tag":[],"giftcard-category":[],"class_list":{"0":"post-4358493","1":"product","2":"type-product","3":"status-publish","4":"has-post-thumbnail","6":"product_cat-25-26-es","7":"product_cat-rebajas-hasta-cincuenta","8":"product_cat-redweek-es","9":"product_cat-ultimas-unidades","11":"first","12":"instock","13":"sale","14":"taxable","15":"shipping-taxable","16":"purchasable","17":"product-type-variable"},"acf":[],"_links":{"self":[{"href":"https:\/\/botiga.gironafc.cat\/es\/wp-json\/wp\/v2\/product\/4358493","targetHints":{"allow":["GET"]}}],"collection":[{"href":"https:\/\/botiga.gironafc.cat\/es\/wp-json\/wp\/v2\/product"}],"about":[{"href":"https:\/\/botiga.gironafc.cat\/es\/wp-json\/wp\/v2\/types\/product"}],"replies":[{"embeddable":true,"href":"https:\/\/botiga.gironafc.cat\/es\/wp-json\/wp\/v2\/comments?post=4358493"}],"wp:featuredmedia":[{"embeddable":true,"href":"https:\/\/botiga.gironafc.cat\/es\/wp-json\/wp\/v2\/media\/4358765"}],"wp:attachment":[{"href":"https:\/\/botiga.gironafc.cat\/es\/wp-json\/wp\/v2\/media?parent=4358493"}],"wp:term":[{"taxonomy":"product_cat","embeddable":true,"href":"https:\/\/botiga.gironafc.cat\/es\/wp-json\/wp\/v2\/product_cat?post=4358493"},{"taxonomy":"product_tag","embeddable":true,"href":"https:\/\/botiga.gironafc.cat\/es\/wp-json\/wp\/v2\/product_tag?post=4358493"},{"taxonomy":"giftcard-category","embeddable":true,"href":"https:\/\/botiga.gironafc.cat\/es\/wp-json\/wp\/v2\/giftcard-category?post=4358493"}],"curies":[{"name":"wp","href":"https:\/\/api.w.org\/{rel}","templated":true}]}}