{"id":4358635,"date":"2024-06-23T13:00:15","date_gmt":"2024-06-27T13:52:17","guid":{"rendered":"https:\/\/botiga.gironafc.cat\/?post_type=product&#038;p=4358635"},"modified":"2025-06-27T15:31:03","modified_gmt":"2025-06-27T14:31:03","slug":"pantalon-nino-primera-equipacion-2024-25","status":"publish","type":"product","link":"https:\/\/botiga.gironafc.cat\/es\/producto\/pantalon-nino-primera-equipacion-2024-25\/","title":{"rendered":"Pantal\u00f3n Ni\u00f1o Primera Equipaci\u00f3n 2024\/25"},"content":{"rendered":"<p>-Pantalones oficial Girona FC, primera equipaci\u00f3n unisex ni\u00f1o, Puma para la temporada 2024-2025.<\/p>\n<p>-Escudo del club tejido.<\/p>\n<p>-Los materiales altamente funcionales de estos pantalones cortos dejan salir al sudor para un entrenamiento seco y agradable; tecnolog\u00eda y estilo se unen en estos \u00fatiles pantalones cortos deportivos.<\/p>\n<p><a href=\"https:\/\/botiga.gironafc.cat\/wp-content\/uploads\/2024\/06\/guia-talles-puma.pdf\">guia-talles-puma<\/a><\/p>\n","protected":false},"excerpt":{"rendered":"<p>-Pantalones oficial Girona FC, primera equipaci\u00f3n unisex ni\u00f1o, Puma para la temporada 2024-2025.<\/p>\n<p>-Escudo del club tejido.<\/p>\n<p>-Los materiales altamente funcionales de estos pantalones cortos dejan salir al sudor para un entrenamiento seco y agradable; tecnolog\u00eda y estilo se unen en estos \u00fatiles pantalones cortos deportivos.<\/p>\n<p><a href=\"https:\/\/botiga.gironafc.cat\/wp-content\/uploads\/2024\/06\/guia-talles-puma.pdf\">guia-talles-puma<\/a><\/p>\n","protected":false},"featured_media":4358732,"comment_status":"closed","ping_status":"closed","template":"","meta":{"_acf_changed":false},"product_cat":[1970,1922,1949,1967],"product_tag":[],"giftcard-category":[],"class_list":{"0":"post-4358635","1":"product","2":"type-product","3":"status-publish","4":"has-post-thumbnail","6":"product_cat-25-26-es","7":"product_cat-rebajas-hasta-cincuenta","8":"product_cat-redweek-es","9":"product_cat-ultimas-unidades","11":"first","12":"instock","13":"sale","14":"taxable","15":"shipping-taxable","16":"purchasable","17":"product-type-variable"},"acf":[],"_links":{"self":[{"href":"https:\/\/botiga.gironafc.cat\/es\/wp-json\/wp\/v2\/product\/4358635","targetHints":{"allow":["GET"]}}],"collection":[{"href":"https:\/\/botiga.gironafc.cat\/es\/wp-json\/wp\/v2\/product"}],"about":[{"href":"https:\/\/botiga.gironafc.cat\/es\/wp-json\/wp\/v2\/types\/product"}],"replies":[{"embeddable":true,"href":"https:\/\/botiga.gironafc.cat\/es\/wp-json\/wp\/v2\/comments?post=4358635"}],"wp:featuredmedia":[{"embeddable":true,"href":"https:\/\/botiga.gironafc.cat\/es\/wp-json\/wp\/v2\/media\/4358732"}],"wp:attachment":[{"href":"https:\/\/botiga.gironafc.cat\/es\/wp-json\/wp\/v2\/media?parent=4358635"}],"wp:term":[{"taxonomy":"product_cat","embeddable":true,"href":"https:\/\/botiga.gironafc.cat\/es\/wp-json\/wp\/v2\/product_cat?post=4358635"},{"taxonomy":"product_tag","embeddable":true,"href":"https:\/\/botiga.gironafc.cat\/es\/wp-json\/wp\/v2\/product_tag?post=4358635"},{"taxonomy":"giftcard-category","embeddable":true,"href":"https:\/\/botiga.gironafc.cat\/es\/wp-json\/wp\/v2\/giftcard-category?post=4358635"}],"curies":[{"name":"wp","href":"https:\/\/api.w.org\/{rel}","templated":true}]}}