{"id":4360365,"date":"2024-08-02T07:20:00","date_gmt":"2024-08-02T06:20:01","guid":{"rendered":"https:\/\/botiga.gironafc.cat\/?post_type=product&#038;p=4360365"},"modified":"2025-04-24T13:54:08","modified_gmt":"2025-04-24T12:54:08","slug":"camiseta-infantil-segunda-equipacion-2024-25","status":"publish","type":"product","link":"https:\/\/botiga.gironafc.cat\/es\/producto\/camiseta-infantil-segunda-equipacion-2024-25\/","title":{"rendered":"Camiseta Infantil Segunda Equipaci\u00f3n 2024\/25"},"content":{"rendered":"<p>&nbsp;<\/p>\n<p>(Los art\u00edculos personalizados necesitar\u00e1n 3-4 d\u00edas laborables adicionales al procesamiento)<\/p>\n","protected":false},"excerpt":{"rendered":"<p>&#8211; Camiseta oficial, modelo infantil, de GironaFC Puma para la temporada 2024-2025.<\/p>\n<p>-Con los patrocinadores ETIHAD AIRWAYS y HYLO.<\/p>\n<p>&#8211;\u00a0 Tecnolog\u00eda DryCELL: material altamente funcional que evacua el sudor.<\/p>\n<p><a href=\"https:\/\/botiga.gironafc.cat\/wp-content\/uploads\/2024\/06\/guia-talles-puma2425.pdf\">guia-talles-puma2425<\/a><\/p>\n<p>&nbsp;<\/p>\n<p>&nbsp;<\/p>\n","protected":false},"featured_media":4360373,"comment_status":"closed","ping_status":"closed","template":"","meta":{"_acf_changed":false},"product_cat":[1943,1970,1922,1949,1967],"product_tag":[],"giftcard-category":[],"class_list":{"0":"post-4360365","1":"product","2":"type-product","3":"status-publish","4":"has-post-thumbnail","6":"product_cat-kids-days-es","7":"product_cat-25-26-es","8":"product_cat-rebajas-hasta-cincuenta","9":"product_cat-redweek-es","10":"product_cat-ultimas-unidades","12":"first","13":"instock","14":"sale","15":"taxable","16":"shipping-taxable","17":"purchasable","18":"product-type-variable"},"acf":[],"_links":{"self":[{"href":"https:\/\/botiga.gironafc.cat\/es\/wp-json\/wp\/v2\/product\/4360365","targetHints":{"allow":["GET"]}}],"collection":[{"href":"https:\/\/botiga.gironafc.cat\/es\/wp-json\/wp\/v2\/product"}],"about":[{"href":"https:\/\/botiga.gironafc.cat\/es\/wp-json\/wp\/v2\/types\/product"}],"replies":[{"embeddable":true,"href":"https:\/\/botiga.gironafc.cat\/es\/wp-json\/wp\/v2\/comments?post=4360365"}],"wp:featuredmedia":[{"embeddable":true,"href":"https:\/\/botiga.gironafc.cat\/es\/wp-json\/wp\/v2\/media\/4360373"}],"wp:attachment":[{"href":"https:\/\/botiga.gironafc.cat\/es\/wp-json\/wp\/v2\/media?parent=4360365"}],"wp:term":[{"taxonomy":"product_cat","embeddable":true,"href":"https:\/\/botiga.gironafc.cat\/es\/wp-json\/wp\/v2\/product_cat?post=4360365"},{"taxonomy":"product_tag","embeddable":true,"href":"https:\/\/botiga.gironafc.cat\/es\/wp-json\/wp\/v2\/product_tag?post=4360365"},{"taxonomy":"giftcard-category","embeddable":true,"href":"https:\/\/botiga.gironafc.cat\/es\/wp-json\/wp\/v2\/giftcard-category?post=4360365"}],"curies":[{"name":"wp","href":"https:\/\/api.w.org\/{rel}","templated":true}]}}