{"id":4366857,"date":"2024-12-12T12:23:53","date_gmt":"2024-12-12T11:23:54","guid":{"rendered":"https:\/\/botiga.gironafc.cat\/?post_type=product&#038;p=4366857"},"modified":"2025-07-03T16:10:47","modified_gmt":"2025-07-03T15:10:47","slug":"libro-cami-cap-a-europa","status":"publish","type":"product","link":"https:\/\/botiga.gironafc.cat\/es\/producto\/libro-cami-cap-a-europa\/","title":{"rendered":"Libro &#8220;Cam\u00ed cap a Europa&#8221;"},"content":{"rendered":"","protected":false},"excerpt":{"rendered":"<p>Libro del autor Eddy Kelele, fot\u00f3grafo profesional que recoge im\u00e1genes hist\u00f3ricas del f\u00fatbol en Montilivi hasta llegar al ascenso a primera divisi\u00f3n.<\/p>\n<p>Ten un recuerdo para siempre con este exclusivo libro.<\/p>\n","protected":false},"featured_media":4366871,"comment_status":"closed","ping_status":"closed","template":"","meta":{"_acf_changed":false},"product_cat":[1917,1834],"product_tag":[],"giftcard-category":[],"class_list":{"0":"post-4366857","1":"product","2":"type-product","3":"status-publish","4":"has-post-thumbnail","6":"product_cat-70-blackweek-es","7":"product_cat-material-escolar-es","9":"first","10":"instock","11":"taxable","12":"shipping-taxable","13":"purchasable","14":"product-type-simple"},"acf":[],"_links":{"self":[{"href":"https:\/\/botiga.gironafc.cat\/es\/wp-json\/wp\/v2\/product\/4366857","targetHints":{"allow":["GET"]}}],"collection":[{"href":"https:\/\/botiga.gironafc.cat\/es\/wp-json\/wp\/v2\/product"}],"about":[{"href":"https:\/\/botiga.gironafc.cat\/es\/wp-json\/wp\/v2\/types\/product"}],"replies":[{"embeddable":true,"href":"https:\/\/botiga.gironafc.cat\/es\/wp-json\/wp\/v2\/comments?post=4366857"}],"wp:featuredmedia":[{"embeddable":true,"href":"https:\/\/botiga.gironafc.cat\/es\/wp-json\/wp\/v2\/media\/4366871"}],"wp:attachment":[{"href":"https:\/\/botiga.gironafc.cat\/es\/wp-json\/wp\/v2\/media?parent=4366857"}],"wp:term":[{"taxonomy":"product_cat","embeddable":true,"href":"https:\/\/botiga.gironafc.cat\/es\/wp-json\/wp\/v2\/product_cat?post=4366857"},{"taxonomy":"product_tag","embeddable":true,"href":"https:\/\/botiga.gironafc.cat\/es\/wp-json\/wp\/v2\/product_tag?post=4366857"},{"taxonomy":"giftcard-category","embeddable":true,"href":"https:\/\/botiga.gironafc.cat\/es\/wp-json\/wp\/v2\/giftcard-category?post=4366857"}],"curies":[{"name":"wp","href":"https:\/\/api.w.org\/{rel}","templated":true}]}}