{"id":4412359,"date":"2025-06-26T14:47:53","date_gmt":"2025-06-26T13:47:56","guid":{"rendered":"https:\/\/botiga.gironafc.cat\/?post_type=product&#038;p=4412359"},"modified":"2026-02-09T15:21:58","modified_gmt":"2026-02-09T14:21:58","slug":"camiseta-fan-cotton-25-26-adulto","status":"publish","type":"product","link":"https:\/\/botiga.gironafc.cat\/es\/producto\/camiseta-fan-cotton-25-26-adulto\/","title":{"rendered":"Camiseta Fan Cotton 25\/26 Adulto"},"content":{"rendered":"","protected":false},"excerpt":{"rendered":"<p>Camiseta de la nueva colecci\u00f3n. Con el escudo bordado. Manga corta.<\/p>\n<p>Lavar a m\u00e1quina a m\u00e1x. 30 \u00b0C.<\/p>\n<p>Composici\u00f3n: 100% algod\u00f3n org\u00e1nico antibacteriano 175gr.<\/p>\n<p><a href=\"https:\/\/botiga.gironafc.cat\/wp-content\/uploads\/2023\/05\/guia-talles-samarretafancotton.pdf\">guia-talles-samarretafancotton<\/a><\/p>\n","protected":false},"featured_media":4414802,"comment_status":"closed","ping_status":"closed","template":"","meta":{"_acf_changed":false},"product_cat":[1917,1644],"product_tag":[],"giftcard-category":[],"class_list":{"0":"post-4412359","1":"product","2":"type-product","3":"status-publish","4":"has-post-thumbnail","6":"product_cat-70-blackweek-es","7":"product_cat-moda-es","9":"first","10":"outofstock","11":"sale","12":"taxable","13":"shipping-taxable","14":"purchasable","15":"product-type-variable"},"acf":[],"_links":{"self":[{"href":"https:\/\/botiga.gironafc.cat\/es\/wp-json\/wp\/v2\/product\/4412359","targetHints":{"allow":["GET"]}}],"collection":[{"href":"https:\/\/botiga.gironafc.cat\/es\/wp-json\/wp\/v2\/product"}],"about":[{"href":"https:\/\/botiga.gironafc.cat\/es\/wp-json\/wp\/v2\/types\/product"}],"replies":[{"embeddable":true,"href":"https:\/\/botiga.gironafc.cat\/es\/wp-json\/wp\/v2\/comments?post=4412359"}],"wp:featuredmedia":[{"embeddable":true,"href":"https:\/\/botiga.gironafc.cat\/es\/wp-json\/wp\/v2\/media\/4414802"}],"wp:attachment":[{"href":"https:\/\/botiga.gironafc.cat\/es\/wp-json\/wp\/v2\/media?parent=4412359"}],"wp:term":[{"taxonomy":"product_cat","embeddable":true,"href":"https:\/\/botiga.gironafc.cat\/es\/wp-json\/wp\/v2\/product_cat?post=4412359"},{"taxonomy":"product_tag","embeddable":true,"href":"https:\/\/botiga.gironafc.cat\/es\/wp-json\/wp\/v2\/product_tag?post=4412359"},{"taxonomy":"giftcard-category","embeddable":true,"href":"https:\/\/botiga.gironafc.cat\/es\/wp-json\/wp\/v2\/giftcard-category?post=4412359"}],"curies":[{"name":"wp","href":"https:\/\/api.w.org\/{rel}","templated":true}]}}