{"id":4413156,"date":"2025-07-08T14:45:28","date_gmt":"2025-07-08T13:45:30","guid":{"rendered":"https:\/\/botiga.gironafc.cat\/?post_type=product&#038;p=4413156"},"modified":"2026-03-19T14:42:50","modified_gmt":"2026-03-19T13:42:50","slug":"camiseta-hombre-segunda-equipacion-2025-26","status":"publish","type":"product","link":"https:\/\/botiga.gironafc.cat\/es\/producto\/camiseta-hombre-segunda-equipacion-2025-26\/","title":{"rendered":"Camiseta Hombre Segunda Equipaci\u00f3n 2025\/26"},"content":{"rendered":"<h3 data-start=\"71\" data-end=\"117\"><strong data-start=\"80\" data-end=\"117\">Opciones de parche de competici\u00f3n<\/strong><\/h3>\n<ul data-start=\"119\" data-end=\"445\">\n<li data-start=\"119\" data-end=\"301\">\n<p data-start=\"121\" data-end=\"301\"><strong data-start=\"121\" data-end=\"136\">Pack LaLiga<\/strong>: incluye el parche oficial de competici\u00f3n de LaLiga y el patrocinador <em data-start=\"207\" data-end=\"215\">Marlex<\/em>. En caso de seleccionar nombre y dorsal, se aplicar\u00e1 la tipograf\u00eda oficial de LaLiga.<\/p>\n<\/li>\n<li data-start=\"303\" data-end=\"445\">\n<p data-start=\"305\" data-end=\"445\"><strong data-start=\"305\" data-end=\"334\">Sin parche de competici\u00f3n<\/strong>: no incluye ning\u00fan parche de competici\u00f3n. Si se elige nombre y dorsal, se usar\u00e1 la tipograf\u00eda propia del club.<\/p>\n<\/li>\n<\/ul>\n<p data-start=\"447\" data-end=\"551\"><em data-start=\"447\" data-end=\"551\">Los art\u00edculos personalizados requerir\u00e1n entre 3 y 4 d\u00edas laborables adicionales para su procesamiento.<\/em><\/p>\n<p>&nbsp;<\/p>\n","protected":false},"excerpt":{"rendered":"<p>&#8211; Camiseta oficial, modelo hombre, de GironaFC Puma para la temporada 2025-2026.<\/p>\n<p>-Con los patrocinadores ETIHAD AIRWAYS y HYLO.<\/p>\n<p>&#8211;\u00a0 Tecnolog\u00eda DryCELL: material altamente funcional que evacua el sudor.<\/p>\n<p><a href=\"https:\/\/botiga.gironafc.cat\/wp-content\/uploads\/2024\/06\/guia-talles-puma2425.pdf\">guia-talles-puma2425<\/a><\/p>\n<p>&nbsp;<\/p>\n","protected":false},"featured_media":4413246,"comment_status":"closed","ping_status":"closed","template":"","meta":{"_acf_changed":false},"product_cat":[1917,2020,1663,1742,1967],"product_tag":[],"giftcard-category":[],"class_list":{"0":"post-4413156","1":"product","2":"type-product","3":"status-publish","4":"has-post-thumbnail","6":"product_cat-70-blackweek-es","7":"product_cat-dia-del-padre-es","8":"product_cat-equipaciones-es","9":"product_cat-segunda-equipacion-es-2","10":"product_cat-ultimas-unidades","12":"first","13":"instock","14":"sale","15":"taxable","16":"shipping-taxable","17":"purchasable","18":"product-type-variable"},"acf":[],"_links":{"self":[{"href":"https:\/\/botiga.gironafc.cat\/es\/wp-json\/wp\/v2\/product\/4413156","targetHints":{"allow":["GET"]}}],"collection":[{"href":"https:\/\/botiga.gironafc.cat\/es\/wp-json\/wp\/v2\/product"}],"about":[{"href":"https:\/\/botiga.gironafc.cat\/es\/wp-json\/wp\/v2\/types\/product"}],"replies":[{"embeddable":true,"href":"https:\/\/botiga.gironafc.cat\/es\/wp-json\/wp\/v2\/comments?post=4413156"}],"wp:featuredmedia":[{"embeddable":true,"href":"https:\/\/botiga.gironafc.cat\/es\/wp-json\/wp\/v2\/media\/4413246"}],"wp:attachment":[{"href":"https:\/\/botiga.gironafc.cat\/es\/wp-json\/wp\/v2\/media?parent=4413156"}],"wp:term":[{"taxonomy":"product_cat","embeddable":true,"href":"https:\/\/botiga.gironafc.cat\/es\/wp-json\/wp\/v2\/product_cat?post=4413156"},{"taxonomy":"product_tag","embeddable":true,"href":"https:\/\/botiga.gironafc.cat\/es\/wp-json\/wp\/v2\/product_tag?post=4413156"},{"taxonomy":"giftcard-category","embeddable":true,"href":"https:\/\/botiga.gironafc.cat\/es\/wp-json\/wp\/v2\/giftcard-category?post=4413156"}],"curies":[{"name":"wp","href":"https:\/\/api.w.org\/{rel}","templated":true}]}}