{"id":4413219,"date":"2025-07-08T15:13:22","date_gmt":"2025-07-08T14:13:24","guid":{"rendered":"https:\/\/botiga.gironafc.cat\/?post_type=product&#038;p=4413219"},"modified":"2026-03-01T23:54:00","modified_gmt":"2026-03-01T22:54:00","slug":"pantalon-adulto-segunda-equipacion-2025-26","status":"publish","type":"product","link":"https:\/\/botiga.gironafc.cat\/es\/producto\/pantalon-adulto-segunda-equipacion-2025-26\/","title":{"rendered":"Pantal\u00f3n Adulto Segunda Equipaci\u00f3n 2025\/26"},"content":{"rendered":"<p data-start=\"0\" data-end=\"37\"><strong>Opciones de parches de competici\u00f3n:<\/strong><\/p>\n<ul>\n<li data-start=\"39\" data-end=\"102\"><strong>Pack LaLiga:<\/strong> incluye los patrocinadores Parlem y Costa Brava.<\/li>\n<li data-start=\"104\" data-end=\"164\"><strong>Sin parche de competici\u00f3n:<\/strong> no incluye ning\u00fan patrocinador.<\/li>\n<\/ul>\n<p data-start=\"166\" data-end=\"270\" data-is-last-node=\"\" data-is-only-node=\"\">Los art\u00edculos personalizados requerir\u00e1n entre 3 y 4 d\u00edas laborables adicionales para su procesamiento.<\/p>\n","protected":false},"excerpt":{"rendered":"<p>-Pantalones oficial Girona FC, primera equipaci\u00f3n unisex adulto, Puma para la temporada 2024-2025.<\/p>\n<p>-Los materiales altamente funcionales de estos pantalones cortos dejan salir al sudor para un entrenamiento seco y agradable; tecnolog\u00eda y estilo se unen en estos \u00fatiles pantalones cortos deportivos.<\/p>\n<p><a href=\"https:\/\/botiga.gironafc.cat\/wp-content\/uploads\/2024\/06\/guia-talles-puma.pdf\">guia-talles-puma<\/a><\/p>\n","protected":false},"featured_media":4413264,"comment_status":"closed","ping_status":"closed","template":"","meta":{"_acf_changed":false},"product_cat":[1917,1663,1742,1967],"product_tag":[],"giftcard-category":[],"class_list":{"0":"post-4413219","1":"product","2":"type-product","3":"status-publish","4":"has-post-thumbnail","6":"product_cat-70-blackweek-es","7":"product_cat-equipaciones-es","8":"product_cat-segunda-equipacion-es-2","9":"product_cat-ultimas-unidades","11":"first","12":"instock","13":"sale","14":"taxable","15":"shipping-taxable","16":"purchasable","17":"product-type-variable"},"acf":[],"_links":{"self":[{"href":"https:\/\/botiga.gironafc.cat\/es\/wp-json\/wp\/v2\/product\/4413219","targetHints":{"allow":["GET"]}}],"collection":[{"href":"https:\/\/botiga.gironafc.cat\/es\/wp-json\/wp\/v2\/product"}],"about":[{"href":"https:\/\/botiga.gironafc.cat\/es\/wp-json\/wp\/v2\/types\/product"}],"replies":[{"embeddable":true,"href":"https:\/\/botiga.gironafc.cat\/es\/wp-json\/wp\/v2\/comments?post=4413219"}],"wp:featuredmedia":[{"embeddable":true,"href":"https:\/\/botiga.gironafc.cat\/es\/wp-json\/wp\/v2\/media\/4413264"}],"wp:attachment":[{"href":"https:\/\/botiga.gironafc.cat\/es\/wp-json\/wp\/v2\/media?parent=4413219"}],"wp:term":[{"taxonomy":"product_cat","embeddable":true,"href":"https:\/\/botiga.gironafc.cat\/es\/wp-json\/wp\/v2\/product_cat?post=4413219"},{"taxonomy":"product_tag","embeddable":true,"href":"https:\/\/botiga.gironafc.cat\/es\/wp-json\/wp\/v2\/product_tag?post=4413219"},{"taxonomy":"giftcard-category","embeddable":true,"href":"https:\/\/botiga.gironafc.cat\/es\/wp-json\/wp\/v2\/giftcard-category?post=4413219"}],"curies":[{"name":"wp","href":"https:\/\/api.w.org\/{rel}","templated":true}]}}