{"id":4414216,"date":"2025-08-18T12:09:46","date_gmt":"2025-08-18T11:09:47","guid":{"rendered":"https:\/\/botiga.gironafc.cat\/?post_type=product&#038;p=4414216"},"modified":"2026-03-13T21:02:19","modified_gmt":"2026-03-13T20:02:19","slug":"balon-gironapuma-084917-03","status":"publish","type":"product","link":"https:\/\/botiga.gironafc.cat\/es\/producto\/balon-gironapuma-084917-03\/","title":{"rendered":"Bal\u00f3n Girona&#038;Puma 084917 03"},"content":{"rendered":"","protected":false},"excerpt":{"rendered":"<p>Bal\u00f3n de tu equipo favorito, el Girona FC. Dise\u00f1ada con los escudos del club. Color blanco y rojo.<\/p>\n<p><strong>Composici\u00f3n y cuidados<\/strong><\/p>\n<p>PVC de alta calidad, Espuma Foam, Polyester, C\u00e1mara de Caucho, V\u00e1lvula de Butil. Talla 5. No se recomienda su uso en superficies abrasivas. Revisar la presi\u00f3n peri\u00f3dicamente.<\/p>\n","protected":false},"featured_media":4414508,"comment_status":"open","ping_status":"closed","template":"","meta":{"_acf_changed":false},"product_cat":[1917,1641,1943,1997,1651,1949,1743],"product_tag":[],"giftcard-category":[],"class_list":{"0":"post-4414216","1":"product","2":"type-product","3":"status-publish","4":"has-post-thumbnail","6":"product_cat-70-blackweek-es","7":"product_cat-accessoris-es","8":"product_cat-kids-days-es","9":"product_cat-mega-oferta-es","10":"product_cat-nens-es","11":"product_cat-redweek-es","12":"product_cat-uncategorized-es-2","14":"first","15":"instock","16":"taxable","17":"shipping-taxable","18":"purchasable","19":"product-type-simple"},"acf":[],"_links":{"self":[{"href":"https:\/\/botiga.gironafc.cat\/es\/wp-json\/wp\/v2\/product\/4414216","targetHints":{"allow":["GET"]}}],"collection":[{"href":"https:\/\/botiga.gironafc.cat\/es\/wp-json\/wp\/v2\/product"}],"about":[{"href":"https:\/\/botiga.gironafc.cat\/es\/wp-json\/wp\/v2\/types\/product"}],"replies":[{"embeddable":true,"href":"https:\/\/botiga.gironafc.cat\/es\/wp-json\/wp\/v2\/comments?post=4414216"}],"wp:featuredmedia":[{"embeddable":true,"href":"https:\/\/botiga.gironafc.cat\/es\/wp-json\/wp\/v2\/media\/4414508"}],"wp:attachment":[{"href":"https:\/\/botiga.gironafc.cat\/es\/wp-json\/wp\/v2\/media?parent=4414216"}],"wp:term":[{"taxonomy":"product_cat","embeddable":true,"href":"https:\/\/botiga.gironafc.cat\/es\/wp-json\/wp\/v2\/product_cat?post=4414216"},{"taxonomy":"product_tag","embeddable":true,"href":"https:\/\/botiga.gironafc.cat\/es\/wp-json\/wp\/v2\/product_tag?post=4414216"},{"taxonomy":"giftcard-category","embeddable":true,"href":"https:\/\/botiga.gironafc.cat\/es\/wp-json\/wp\/v2\/giftcard-category?post=4414216"}],"curies":[{"name":"wp","href":"https:\/\/api.w.org\/{rel}","templated":true}]}}