{"id":4415993,"date":"2025-11-10T10:42:25","date_gmt":"2025-11-10T09:42:26","guid":{"rendered":"https:\/\/botiga.gironafc.cat\/?post_type=product&#038;p=4415993"},"modified":"2026-01-08T22:31:17","modified_gmt":"2026-01-08T21:31:17","slug":"gorro-de-lana-026543-01-puma","status":"publish","type":"product","link":"https:\/\/botiga.gironafc.cat\/es\/producto\/gorro-de-lana-026543-01-puma\/","title":{"rendered":"Gorro de lana 026543 01 PUMA"},"content":{"rendered":"","protected":false},"excerpt":{"rendered":"<p>Mantente abrigado con estilo con el <strong data-start=\"265\" data-end=\"309\">gorro negro oficial del Girona FC x Puma<\/strong>.<\/p>\n<p><br data-start=\"310\" data-end=\"313\" \/>Confeccionado en tejido suave y c\u00e1lido, presenta un dise\u00f1o minimalista en color negro con el <strong data-start=\"406\" data-end=\"458\">escudo del Girona FC bordado en la parte frontal<\/strong> y el logo de <strong data-start=\"472\" data-end=\"480\">Puma<\/strong> en el lateral. Su ajuste c\u00f3modo lo convierte en el complemento perfecto para los d\u00edas fr\u00edos, tanto en el estadio como en el d\u00eda a d\u00eda.<\/p>\n","protected":false},"featured_media":4415996,"comment_status":"closed","ping_status":"closed","template":"","meta":{"_acf_changed":false},"product_cat":[1917,1839],"product_tag":[],"giftcard-category":[],"class_list":{"0":"post-4415993","1":"product","2":"type-product","3":"status-publish","4":"has-post-thumbnail","6":"product_cat-70-blackweek-es","7":"product_cat-gorras-y-sombreros","9":"first","10":"instock","11":"taxable","12":"shipping-taxable","13":"purchasable","14":"product-type-simple"},"acf":[],"_links":{"self":[{"href":"https:\/\/botiga.gironafc.cat\/es\/wp-json\/wp\/v2\/product\/4415993","targetHints":{"allow":["GET"]}}],"collection":[{"href":"https:\/\/botiga.gironafc.cat\/es\/wp-json\/wp\/v2\/product"}],"about":[{"href":"https:\/\/botiga.gironafc.cat\/es\/wp-json\/wp\/v2\/types\/product"}],"replies":[{"embeddable":true,"href":"https:\/\/botiga.gironafc.cat\/es\/wp-json\/wp\/v2\/comments?post=4415993"}],"wp:featuredmedia":[{"embeddable":true,"href":"https:\/\/botiga.gironafc.cat\/es\/wp-json\/wp\/v2\/media\/4415996"}],"wp:attachment":[{"href":"https:\/\/botiga.gironafc.cat\/es\/wp-json\/wp\/v2\/media?parent=4415993"}],"wp:term":[{"taxonomy":"product_cat","embeddable":true,"href":"https:\/\/botiga.gironafc.cat\/es\/wp-json\/wp\/v2\/product_cat?post=4415993"},{"taxonomy":"product_tag","embeddable":true,"href":"https:\/\/botiga.gironafc.cat\/es\/wp-json\/wp\/v2\/product_tag?post=4415993"},{"taxonomy":"giftcard-category","embeddable":true,"href":"https:\/\/botiga.gironafc.cat\/es\/wp-json\/wp\/v2\/giftcard-category?post=4415993"}],"curies":[{"name":"wp","href":"https:\/\/api.w.org\/{rel}","templated":true}]}}