{"id":4416124,"date":"2025-11-11T17:49:17","date_gmt":"2025-11-11T16:49:18","guid":{"rendered":"https:\/\/botiga.gironafc.cat\/?post_type=product&#038;p=4416124"},"modified":"2025-12-04T10:37:44","modified_gmt":"2025-12-04T09:37:44","slug":"braga-polar-azul","status":"publish","type":"product","link":"https:\/\/botiga.gironafc.cat\/es\/producto\/braga-polar-azul\/","title":{"rendered":"Braga\u00a0polar Azul"},"content":{"rendered":"","protected":false},"excerpt":{"rendered":"<p>Prot\u00e9gete del fr\u00edo con estilo gracias a la braga<strong>\u00a0polar oficial del Girona FC<\/strong>.<\/p>\n<p>Fabricada con <strong>microfibra polar suave y ligera<\/strong>, es perfecto para mantener el calor en los d\u00edas fr\u00edos, tanto en el estadio como en la calle. Su dise\u00f1o en <strong>color rojo intenso<\/strong> y el <strong>escudo bordado del Girona FC<\/strong> lo convierten en un complemento imprescindible para cualquier aficionado.<\/p>\n","protected":false},"featured_media":4416117,"comment_status":"open","ping_status":"closed","template":"","meta":{"_acf_changed":false},"product_cat":[1917,1641,1943,1651],"product_tag":[],"giftcard-category":[],"class_list":{"0":"post-4416124","1":"product","2":"type-product","3":"status-publish","4":"has-post-thumbnail","6":"product_cat-70-blackweek-es","7":"product_cat-accessoris-es","8":"product_cat-kids-days-es","9":"product_cat-nens-es","11":"first","12":"instock","13":"taxable","14":"shipping-taxable","15":"purchasable","16":"product-type-simple"},"acf":[],"_links":{"self":[{"href":"https:\/\/botiga.gironafc.cat\/es\/wp-json\/wp\/v2\/product\/4416124","targetHints":{"allow":["GET"]}}],"collection":[{"href":"https:\/\/botiga.gironafc.cat\/es\/wp-json\/wp\/v2\/product"}],"about":[{"href":"https:\/\/botiga.gironafc.cat\/es\/wp-json\/wp\/v2\/types\/product"}],"replies":[{"embeddable":true,"href":"https:\/\/botiga.gironafc.cat\/es\/wp-json\/wp\/v2\/comments?post=4416124"}],"wp:featuredmedia":[{"embeddable":true,"href":"https:\/\/botiga.gironafc.cat\/es\/wp-json\/wp\/v2\/media\/4416117"}],"wp:attachment":[{"href":"https:\/\/botiga.gironafc.cat\/es\/wp-json\/wp\/v2\/media?parent=4416124"}],"wp:term":[{"taxonomy":"product_cat","embeddable":true,"href":"https:\/\/botiga.gironafc.cat\/es\/wp-json\/wp\/v2\/product_cat?post=4416124"},{"taxonomy":"product_tag","embeddable":true,"href":"https:\/\/botiga.gironafc.cat\/es\/wp-json\/wp\/v2\/product_tag?post=4416124"},{"taxonomy":"giftcard-category","embeddable":true,"href":"https:\/\/botiga.gironafc.cat\/es\/wp-json\/wp\/v2\/giftcard-category?post=4416124"}],"curies":[{"name":"wp","href":"https:\/\/api.w.org\/{rel}","templated":true}]}}