{"id":4416320,"date":"2025-11-17T13:21:43","date_gmt":"2025-11-17T12:21:45","guid":{"rendered":"https:\/\/botiga.gironafc.cat\/?post_type=product&#038;p=4416320"},"modified":"2025-11-24T20:06:08","modified_gmt":"2025-11-24T19:06:08","slug":"chaqueta-negra-948759-03","status":"publish","type":"product","link":"https:\/\/botiga.gironafc.cat\/es\/producto\/chaqueta-negra-948759-03\/","title":{"rendered":"Chaqueta Negra 948759 03"},"content":{"rendered":"","protected":false},"excerpt":{"rendered":"<p>Chaqueta negra del Girona FC con capucha y escudo en el pecho. Dise\u00f1o acolchado, muy c\u00f3moda y ideal para el fr\u00edo.<\/p>\n","protected":false},"featured_media":4416328,"comment_status":"closed","ping_status":"closed","template":"","meta":{"_acf_changed":false},"product_cat":[1917,2020,1644,1949],"product_tag":[],"giftcard-category":[],"class_list":{"0":"post-4416320","1":"product","2":"type-product","3":"status-publish","4":"has-post-thumbnail","6":"product_cat-70-blackweek-es","7":"product_cat-dia-del-padre-es","8":"product_cat-moda-es","9":"product_cat-redweek-es","11":"first","12":"instock","13":"taxable","14":"shipping-taxable","15":"purchasable","16":"product-type-variable"},"acf":[],"_links":{"self":[{"href":"https:\/\/botiga.gironafc.cat\/es\/wp-json\/wp\/v2\/product\/4416320","targetHints":{"allow":["GET"]}}],"collection":[{"href":"https:\/\/botiga.gironafc.cat\/es\/wp-json\/wp\/v2\/product"}],"about":[{"href":"https:\/\/botiga.gironafc.cat\/es\/wp-json\/wp\/v2\/types\/product"}],"replies":[{"embeddable":true,"href":"https:\/\/botiga.gironafc.cat\/es\/wp-json\/wp\/v2\/comments?post=4416320"}],"wp:featuredmedia":[{"embeddable":true,"href":"https:\/\/botiga.gironafc.cat\/es\/wp-json\/wp\/v2\/media\/4416328"}],"wp:attachment":[{"href":"https:\/\/botiga.gironafc.cat\/es\/wp-json\/wp\/v2\/media?parent=4416320"}],"wp:term":[{"taxonomy":"product_cat","embeddable":true,"href":"https:\/\/botiga.gironafc.cat\/es\/wp-json\/wp\/v2\/product_cat?post=4416320"},{"taxonomy":"product_tag","embeddable":true,"href":"https:\/\/botiga.gironafc.cat\/es\/wp-json\/wp\/v2\/product_tag?post=4416320"},{"taxonomy":"giftcard-category","embeddable":true,"href":"https:\/\/botiga.gironafc.cat\/es\/wp-json\/wp\/v2\/giftcard-category?post=4416320"}],"curies":[{"name":"wp","href":"https:\/\/api.w.org\/{rel}","templated":true}]}}