{"id":4417095,"date":"2025-11-27T10:08:56","date_gmt":"2025-11-27T09:08:59","guid":{"rendered":"https:\/\/botiga.gironafc.cat\/?post_type=product&#038;p=4417095"},"modified":"2026-01-24T13:25:43","modified_gmt":"2026-01-24T12:25:43","slug":"camiseta-la-previa-blanca-adulto","status":"publish","type":"product","link":"https:\/\/botiga.gironafc.cat\/es\/producto\/camiseta-la-previa-blanca-adulto\/","title":{"rendered":"Camiseta &#8220;La Pr\u00e8via&#8221; Blanca Adulto"},"content":{"rendered":"","protected":false},"excerpt":{"rendered":"<p>Camiseta de algod\u00f3n \u201cLa Pr\u00e8via\u201d en color blanco, con ilustraci\u00f3n exclusiva de la <strong>SISA<\/strong>. En la parte frontal, peque\u00f1o dise\u00f1o de la SISA, y en la parte trasera, impresi\u00f3n grande con el texto <strong>\u201cLA PR\u00c8VIA\u201d<\/strong> y el lema <strong>\u201cMATCH DAY EVERY DAY\u201d<\/strong>.<br \/>\nUna prenda \u00fanica que combina estilo casual con la pasi\u00f3n por el club, perfecta para d\u00edas de partido y para los aficionados que quieren destacar.<\/p>\n","protected":false},"featured_media":4418406,"comment_status":"open","ping_status":"closed","template":"","meta":{"_acf_changed":false},"product_cat":[2020,2000,1855],"product_tag":[],"giftcard-category":[],"class_list":{"0":"post-4417095","1":"product","2":"type-product","3":"status-publish","4":"has-post-thumbnail","6":"product_cat-dia-del-padre-es","7":"product_cat-gambea-es","8":"product_cat-nueva-coleccion","10":"first","11":"instock","12":"taxable","13":"shipping-taxable","14":"purchasable","15":"product-type-variable"},"acf":[],"_links":{"self":[{"href":"https:\/\/botiga.gironafc.cat\/es\/wp-json\/wp\/v2\/product\/4417095","targetHints":{"allow":["GET"]}}],"collection":[{"href":"https:\/\/botiga.gironafc.cat\/es\/wp-json\/wp\/v2\/product"}],"about":[{"href":"https:\/\/botiga.gironafc.cat\/es\/wp-json\/wp\/v2\/types\/product"}],"replies":[{"embeddable":true,"href":"https:\/\/botiga.gironafc.cat\/es\/wp-json\/wp\/v2\/comments?post=4417095"}],"wp:featuredmedia":[{"embeddable":true,"href":"https:\/\/botiga.gironafc.cat\/es\/wp-json\/wp\/v2\/media\/4418406"}],"wp:attachment":[{"href":"https:\/\/botiga.gironafc.cat\/es\/wp-json\/wp\/v2\/media?parent=4417095"}],"wp:term":[{"taxonomy":"product_cat","embeddable":true,"href":"https:\/\/botiga.gironafc.cat\/es\/wp-json\/wp\/v2\/product_cat?post=4417095"},{"taxonomy":"product_tag","embeddable":true,"href":"https:\/\/botiga.gironafc.cat\/es\/wp-json\/wp\/v2\/product_tag?post=4417095"},{"taxonomy":"giftcard-category","embeddable":true,"href":"https:\/\/botiga.gironafc.cat\/es\/wp-json\/wp\/v2\/giftcard-category?post=4417095"}],"curies":[{"name":"wp","href":"https:\/\/api.w.org\/{rel}","templated":true}]}}