{"id":4417149,"date":"2025-11-27T11:54:40","date_gmt":"2025-11-27T10:54:42","guid":{"rendered":"https:\/\/botiga.gironafc.cat\/?post_type=product&#038;p=4417149"},"modified":"2026-03-10T09:24:26","modified_gmt":"2026-03-10T08:24:26","slug":"sudadera-girona-adulto","status":"publish","type":"product","link":"https:\/\/botiga.gironafc.cat\/es\/producto\/sudadera-girona-adulto\/","title":{"rendered":"Sudadera Girona Adulto"},"content":{"rendered":"","protected":false},"excerpt":{"rendered":"<p>Sudadera con capucha del Girona FC en color beige.<\/p>\n<p>En la parte frontal, peque\u00f1o escudo del club, y en la parte trasera, ilustraci\u00f3n lineal de los edificios emblem\u00e1ticos de Girona junto con el logotipo oficial.<\/p>\n<p>Confeccionada con tejido suave y c\u00f3modo, ideal para el d\u00eda a d\u00eda y para mostrar la pasi\u00f3n por el equipo.<\/p>\n","protected":false},"featured_media":4417163,"comment_status":"closed","ping_status":"closed","template":"","meta":{"_acf_changed":false},"product_cat":[2020,1644,1855,1949],"product_tag":[],"giftcard-category":[],"class_list":{"0":"post-4417149","1":"product","2":"type-product","3":"status-publish","4":"has-post-thumbnail","6":"product_cat-dia-del-padre-es","7":"product_cat-moda-es","8":"product_cat-nueva-coleccion","9":"product_cat-redweek-es","11":"first","12":"outofstock","13":"taxable","14":"shipping-taxable","15":"purchasable","16":"product-type-variable"},"acf":[],"_links":{"self":[{"href":"https:\/\/botiga.gironafc.cat\/es\/wp-json\/wp\/v2\/product\/4417149","targetHints":{"allow":["GET"]}}],"collection":[{"href":"https:\/\/botiga.gironafc.cat\/es\/wp-json\/wp\/v2\/product"}],"about":[{"href":"https:\/\/botiga.gironafc.cat\/es\/wp-json\/wp\/v2\/types\/product"}],"replies":[{"embeddable":true,"href":"https:\/\/botiga.gironafc.cat\/es\/wp-json\/wp\/v2\/comments?post=4417149"}],"wp:featuredmedia":[{"embeddable":true,"href":"https:\/\/botiga.gironafc.cat\/es\/wp-json\/wp\/v2\/media\/4417163"}],"wp:attachment":[{"href":"https:\/\/botiga.gironafc.cat\/es\/wp-json\/wp\/v2\/media?parent=4417149"}],"wp:term":[{"taxonomy":"product_cat","embeddable":true,"href":"https:\/\/botiga.gironafc.cat\/es\/wp-json\/wp\/v2\/product_cat?post=4417149"},{"taxonomy":"product_tag","embeddable":true,"href":"https:\/\/botiga.gironafc.cat\/es\/wp-json\/wp\/v2\/product_tag?post=4417149"},{"taxonomy":"giftcard-category","embeddable":true,"href":"https:\/\/botiga.gironafc.cat\/es\/wp-json\/wp\/v2\/giftcard-category?post=4417149"}],"curies":[{"name":"wp","href":"https:\/\/api.w.org\/{rel}","templated":true}]}}