{"id":4417253,"date":"2025-11-27T12:51:14","date_gmt":"2025-11-27T11:51:16","guid":{"rendered":"https:\/\/botiga.gironafc.cat\/?post_type=product&#038;p=4417253"},"modified":"2025-11-27T12:58:54","modified_gmt":"2025-11-27T11:58:54","slug":"camiseta-girona-infantil","status":"publish","type":"product","link":"https:\/\/botiga.gironafc.cat\/es\/producto\/camiseta-girona-infantil\/","title":{"rendered":"Camiseta Girona Infantil"},"content":{"rendered":"","protected":false},"excerpt":{"rendered":"<p>Camiseta del Girona FC en color beige.<\/p>\n<p>En la parte frontal, peque\u00f1o escudo del club, y en la parte trasera, ilustraci\u00f3n lineal de los edificios emblem\u00e1ticos de Girona junto con el logotipo oficial.<\/p>\n<p>Confeccionada con tejido suave y c\u00f3modo, ideal para el d\u00eda a d\u00eda y para mostrar la pasi\u00f3n por el equipo.<\/p>\n","protected":false},"featured_media":4417230,"comment_status":"closed","ping_status":"closed","template":"","meta":{"_acf_changed":false},"product_cat":[1644,1855,1949],"product_tag":[],"giftcard-category":[],"class_list":{"0":"post-4417253","1":"product","2":"type-product","3":"status-publish","4":"has-post-thumbnail","6":"product_cat-moda-es","7":"product_cat-nueva-coleccion","8":"product_cat-redweek-es","10":"first","11":"outofstock","12":"taxable","13":"shipping-taxable","14":"purchasable","15":"product-type-variable"},"acf":[],"_links":{"self":[{"href":"https:\/\/botiga.gironafc.cat\/es\/wp-json\/wp\/v2\/product\/4417253","targetHints":{"allow":["GET"]}}],"collection":[{"href":"https:\/\/botiga.gironafc.cat\/es\/wp-json\/wp\/v2\/product"}],"about":[{"href":"https:\/\/botiga.gironafc.cat\/es\/wp-json\/wp\/v2\/types\/product"}],"replies":[{"embeddable":true,"href":"https:\/\/botiga.gironafc.cat\/es\/wp-json\/wp\/v2\/comments?post=4417253"}],"wp:featuredmedia":[{"embeddable":true,"href":"https:\/\/botiga.gironafc.cat\/es\/wp-json\/wp\/v2\/media\/4417230"}],"wp:attachment":[{"href":"https:\/\/botiga.gironafc.cat\/es\/wp-json\/wp\/v2\/media?parent=4417253"}],"wp:term":[{"taxonomy":"product_cat","embeddable":true,"href":"https:\/\/botiga.gironafc.cat\/es\/wp-json\/wp\/v2\/product_cat?post=4417253"},{"taxonomy":"product_tag","embeddable":true,"href":"https:\/\/botiga.gironafc.cat\/es\/wp-json\/wp\/v2\/product_tag?post=4417253"},{"taxonomy":"giftcard-category","embeddable":true,"href":"https:\/\/botiga.gironafc.cat\/es\/wp-json\/wp\/v2\/giftcard-category?post=4417253"}],"curies":[{"name":"wp","href":"https:\/\/api.w.org\/{rel}","templated":true}]}}