{"id":4418302,"date":"2025-12-02T13:29:07","date_gmt":"2025-12-02T16:45:18","guid":{"rendered":"https:\/\/botiga.gironafc.cat\/?post_type=product&#038;p=4418302"},"modified":"2025-12-02T17:50:45","modified_gmt":"2025-12-02T16:50:45","slug":"tarjeta-regalo-tienda-oficial-girona-fc","status":"publish","type":"product","link":"https:\/\/botiga.gironafc.cat\/es\/producto\/tarjeta-regalo-tienda-oficial-girona-fc\/","title":{"rendered":"Tarjeta Regalo Tienda Oficial Girona FC"},"content":{"rendered":"<p data-start=\"105\" data-end=\"140\"><strong data-start=\"105\" data-end=\"140\">Regala Girona. \u00a1Regala emoci\u00f3n!<\/strong><\/p>\n<p data-start=\"142\" data-end=\"300\">Con la Tarjeta Regalo de la Tienda Oficial del Girona FC acertar\u00e1s siempre: es la manera m\u00e1s f\u00e1cil y flexible de sorprender a cualquier aficionado rojiblanco.<\/p>\n<p data-start=\"302\" data-end=\"470\">Con esta tarjeta podr\u00e1 elegir libremente entre todos los productos oficiales de nuestra tienda: equipaciones, merchandising, accesorios, regalos exclusivos y mucho m\u00e1s.<\/p>\n<h3 data-start=\"472\" data-end=\"495\"><strong data-start=\"476\" data-end=\"495\">\u00bfC\u00f3mo funciona?<\/strong><\/h3>\n<ol data-start=\"497\" data-end=\"805\">\n<li data-start=\"497\" data-end=\"540\">\n<p data-start=\"500\" data-end=\"540\">Elige el importe de la tarjeta regalo.<\/p>\n<\/li>\n<li data-start=\"541\" data-end=\"591\">\n<p data-start=\"544\" data-end=\"591\">A\u00f1ade el nombre y el correo del destinatario.<\/p>\n<\/li>\n<li data-start=\"592\" data-end=\"641\">\n<p data-start=\"595\" data-end=\"641\">Escribe un mensaje personalizado (opcional).<\/p>\n<\/li>\n<li data-start=\"642\" data-end=\"730\">\n<p data-start=\"645\" data-end=\"730\">El destinatario recibir\u00e1 un correo con el c\u00f3digo de la tarjeta y un PDF imprimible.<\/p>\n<\/li>\n<li data-start=\"731\" data-end=\"805\">\n<p data-start=\"734\" data-end=\"805\">Podr\u00e1 utilizarla f\u00e1cilmente en nuestra tienda online, con un solo clic.<\/p>\n<\/li>\n<\/ol>\n<h3 data-start=\"807\" data-end=\"826\"><strong data-start=\"811\" data-end=\"826\">Condiciones<\/strong><\/h3>\n<ul data-start=\"828\" data-end=\"1078\">\n<li data-start=\"828\" data-end=\"874\">\n<p data-start=\"830\" data-end=\"874\">Caducidad: 1 a\u00f1o desde la fecha de compra.<\/p>\n<\/li>\n<li data-start=\"875\" data-end=\"964\">\n<p data-start=\"877\" data-end=\"964\">Uso exclusivo en la tienda online oficial del Girona FC: <a class=\"decorated-link\" href=\"https:\/\/botiga.gironafc.cat\/\" target=\"_new\" rel=\"noopener\" data-start=\"934\" data-end=\"962\">https:\/\/botiga.gironafc.cat\/<\/a><\/p>\n<\/li>\n<li data-start=\"965\" data-end=\"1032\">\n<p data-start=\"967\" data-end=\"1032\">Puede utilizarse en una o varias compras hasta agotar el saldo.<\/p>\n<\/li>\n<li data-start=\"1033\" data-end=\"1078\">\n<p data-start=\"1035\" data-end=\"1078\">\n<\/li>\n<\/ul>\n","protected":false},"excerpt":{"rendered":"<p>Regala Girona. \u00a1Regala emoci\u00f3n! Con la Tarjeta Regalo de la Tienda Oficial del Girona FC acertar\u00e1s siempre: es la manera m\u00e1s f\u00e1cil y flexible de sorprender a cualquier aficionado rojiblanco. Con esta tarjeta podr\u00e1 elegir libremente entre todos los productos oficiales de nuestra tienda: equipaciones, merchandising, accesorios, regalos exclusivos y mucho m\u00e1s. \u00bfC\u00f3mo funciona? Elige [&hellip;]<\/p>\n","protected":false},"featured_media":4418293,"comment_status":"open","ping_status":"closed","template":"","meta":{"_acf_changed":false},"product_cat":[1743],"product_tag":[],"giftcard-category":[],"class_list":{"0":"post-4418302","1":"product","2":"type-product","3":"status-publish","4":"has-post-thumbnail","6":"product_cat-uncategorized-es-2","8":"first","9":"instock","10":"virtual","11":"taxable","12":"purchasable","13":"product-type-gift-card"},"acf":[],"_links":{"self":[{"href":"https:\/\/botiga.gironafc.cat\/es\/wp-json\/wp\/v2\/product\/4418302","targetHints":{"allow":["GET"]}}],"collection":[{"href":"https:\/\/botiga.gironafc.cat\/es\/wp-json\/wp\/v2\/product"}],"about":[{"href":"https:\/\/botiga.gironafc.cat\/es\/wp-json\/wp\/v2\/types\/product"}],"replies":[{"embeddable":true,"href":"https:\/\/botiga.gironafc.cat\/es\/wp-json\/wp\/v2\/comments?post=4418302"}],"wp:featuredmedia":[{"embeddable":true,"href":"https:\/\/botiga.gironafc.cat\/es\/wp-json\/wp\/v2\/media\/4418293"}],"wp:attachment":[{"href":"https:\/\/botiga.gironafc.cat\/es\/wp-json\/wp\/v2\/media?parent=4418302"}],"wp:term":[{"taxonomy":"product_cat","embeddable":true,"href":"https:\/\/botiga.gironafc.cat\/es\/wp-json\/wp\/v2\/product_cat?post=4418302"},{"taxonomy":"product_tag","embeddable":true,"href":"https:\/\/botiga.gironafc.cat\/es\/wp-json\/wp\/v2\/product_tag?post=4418302"},{"taxonomy":"giftcard-category","embeddable":true,"href":"https:\/\/botiga.gironafc.cat\/es\/wp-json\/wp\/v2\/giftcard-category?post=4418302"}],"curies":[{"name":"wp","href":"https:\/\/api.w.org\/{rel}","templated":true}]}}