{"id":4418373,"date":"2025-12-04T12:31:38","date_gmt":"2025-12-04T11:31:41","guid":{"rendered":"https:\/\/botiga.gironafc.cat\/?post_type=product&#038;p=4418373"},"modified":"2026-01-18T18:12:15","modified_gmt":"2026-01-18T17:12:15","slug":"camiseta-matchday-beige-adulto-copy","status":"publish","type":"product","link":"https:\/\/botiga.gironafc.cat\/es\/producto\/camiseta-matchday-beige-adulto-copy\/","title":{"rendered":"Sudadera Negra &#8220;Equipaciones&#8221; Adulto"},"content":{"rendered":"","protected":false},"excerpt":{"rendered":"<p>Camiseta de algod\u00f3n \u201cMatchday\u201d en color beige, con mensaje frontal \u201cGAME DAY EVERY DAY\u201d y dise\u00f1o exclusivo en la parte trasera con el texto \u201cMATCH DAY EVERY DAY\u201d y un <strong>perchero<\/strong> que recuerda la historia del Girona FC a trav\u00e9s de sus camisetas. La opci\u00f3n casual ideal para los aficionados al f\u00fatbol retro y para lucir la pasi\u00f3n por el equipo.<\/p>\n","protected":false},"featured_media":4418390,"comment_status":"open","ping_status":"closed","template":"","meta":{"_acf_changed":false},"product_cat":[2020,2000,1855],"product_tag":[],"giftcard-category":[],"class_list":{"0":"post-4418373","1":"product","2":"type-product","3":"status-publish","4":"has-post-thumbnail","6":"product_cat-dia-del-padre-es","7":"product_cat-gambea-es","8":"product_cat-nueva-coleccion","10":"first","11":"instock","12":"taxable","13":"shipping-taxable","14":"purchasable","15":"product-type-variable"},"acf":[],"_links":{"self":[{"href":"https:\/\/botiga.gironafc.cat\/es\/wp-json\/wp\/v2\/product\/4418373","targetHints":{"allow":["GET"]}}],"collection":[{"href":"https:\/\/botiga.gironafc.cat\/es\/wp-json\/wp\/v2\/product"}],"about":[{"href":"https:\/\/botiga.gironafc.cat\/es\/wp-json\/wp\/v2\/types\/product"}],"replies":[{"embeddable":true,"href":"https:\/\/botiga.gironafc.cat\/es\/wp-json\/wp\/v2\/comments?post=4418373"}],"wp:featuredmedia":[{"embeddable":true,"href":"https:\/\/botiga.gironafc.cat\/es\/wp-json\/wp\/v2\/media\/4418390"}],"wp:attachment":[{"href":"https:\/\/botiga.gironafc.cat\/es\/wp-json\/wp\/v2\/media?parent=4418373"}],"wp:term":[{"taxonomy":"product_cat","embeddable":true,"href":"https:\/\/botiga.gironafc.cat\/es\/wp-json\/wp\/v2\/product_cat?post=4418373"},{"taxonomy":"product_tag","embeddable":true,"href":"https:\/\/botiga.gironafc.cat\/es\/wp-json\/wp\/v2\/product_tag?post=4418373"},{"taxonomy":"giftcard-category","embeddable":true,"href":"https:\/\/botiga.gironafc.cat\/es\/wp-json\/wp\/v2\/giftcard-category?post=4418373"}],"curies":[{"name":"wp","href":"https:\/\/api.w.org\/{rel}","templated":true}]}}