{"id":4420172,"date":"2026-02-10T11:45:17","date_gmt":"2026-02-10T10:45:17","guid":{"rendered":"https:\/\/botiga.gironafc.cat\/?post_type=product&#038;p=4420172"},"modified":"2026-02-10T11:52:58","modified_gmt":"2026-02-10T10:52:58","slug":"latt-runbott-1100-ml-negra","status":"publish","type":"product","link":"https:\/\/botiga.gironafc.cat\/es\/producto\/latt-runbott-1100-ml-negra\/","title":{"rendered":"LATT Runbott 1100\u202fML Negra"},"content":{"rendered":"","protected":false},"excerpt":{"rendered":"<div>La <strong>Runbott Latt 110<\/strong> se adapta a tu estilo de vida con una tapa multifunci\u00f3n herm\u00e9tica que te permite beber c\u00f3modamente, ya sea inclinando la botella o a trav\u00e9s de la pajita. Ideal para disfrutar de tus bebidas de forma c\u00f3moda y flexible.<br \/>\nEl aislamiento de doble pared al vac\u00edo elimina la condensaci\u00f3n exterior y mantiene tus bebidas fr\u00edas hasta <strong>28 horas<\/strong> y calientes hasta <strong>12 horas<\/strong>.<br \/>\nLa tecnolog\u00eda <strong>Evertaste\u00ae<\/strong> mantiene inalterado el sabor del contenido gracias al recubrimiento t\u00e9cnico cer\u00e1mico. Evita la transferencia de sabores met\u00e1licos y preserva las propiedades organol\u00e9pticas de tus bebidas.<\/div>\n","protected":false},"featured_media":4420175,"comment_status":"open","ping_status":"closed","template":"","meta":{"_acf_changed":false},"product_cat":[1849,1949],"product_tag":[],"giftcard-category":[],"class_list":{"0":"post-4420172","1":"product","2":"type-product","3":"status-publish","4":"has-post-thumbnail","6":"product_cat-botellas-y-tazas","7":"product_cat-redweek-es","9":"first","10":"instock","11":"taxable","12":"shipping-taxable","13":"purchasable","14":"product-type-simple"},"acf":[],"_links":{"self":[{"href":"https:\/\/botiga.gironafc.cat\/es\/wp-json\/wp\/v2\/product\/4420172","targetHints":{"allow":["GET"]}}],"collection":[{"href":"https:\/\/botiga.gironafc.cat\/es\/wp-json\/wp\/v2\/product"}],"about":[{"href":"https:\/\/botiga.gironafc.cat\/es\/wp-json\/wp\/v2\/types\/product"}],"replies":[{"embeddable":true,"href":"https:\/\/botiga.gironafc.cat\/es\/wp-json\/wp\/v2\/comments?post=4420172"}],"wp:featuredmedia":[{"embeddable":true,"href":"https:\/\/botiga.gironafc.cat\/es\/wp-json\/wp\/v2\/media\/4420175"}],"wp:attachment":[{"href":"https:\/\/botiga.gironafc.cat\/es\/wp-json\/wp\/v2\/media?parent=4420172"}],"wp:term":[{"taxonomy":"product_cat","embeddable":true,"href":"https:\/\/botiga.gironafc.cat\/es\/wp-json\/wp\/v2\/product_cat?post=4420172"},{"taxonomy":"product_tag","embeddable":true,"href":"https:\/\/botiga.gironafc.cat\/es\/wp-json\/wp\/v2\/product_tag?post=4420172"},{"taxonomy":"giftcard-category","embeddable":true,"href":"https:\/\/botiga.gironafc.cat\/es\/wp-json\/wp\/v2\/giftcard-category?post=4420172"}],"curies":[{"name":"wp","href":"https:\/\/api.w.org\/{rel}","templated":true}]}}