{"id":4420598,"date":"2026-03-11T16:18:20","date_gmt":"2026-03-11T15:18:26","guid":{"rendered":"https:\/\/botiga.gironafc.cat\/?post_type=product&#038;p=4420598"},"modified":"2026-04-24T19:47:59","modified_gmt":"2026-04-24T18:47:59","slug":"camiseta-retro-primera-equipacion-1991-92-adulto","status":"publish","type":"product","link":"https:\/\/botiga.gironafc.cat\/es\/producto\/camiseta-retro-primera-equipacion-1991-92-adulto\/","title":{"rendered":"Camiseta Retro Primera Equipaci\u00f3n 1991\/92 Adulto"},"content":{"rendered":"","protected":false},"excerpt":{"rendered":"<div style=\"background:#f8f8f8;padding:16px 18px;border:1px solid #eee;border-radius:10px;line-height:1.6;font-size:14px;color:#222;\">\n<div style=\"font-size:16px;font-weight:700;color:#d90429;margin-bottom:10px;\">\n    Camiseta Retro 91\/92\n  <\/div>\n<p style=\"margin:0 0 10px 0;\">\n    Recupera la esencia de una temporada para el recuerdo con la nueva <strong>camiseta retro 91\/92<\/strong>, un homenaje al esp\u00edritu de unos a\u00f1os en los que la afici\u00f3n fue clave para sostener al Club.\n  <\/p>\n<p style=\"margin:0 0 10px 0;\">\n    Con los <strong>patrocinadores oficiales Etihad y Hylo<\/strong>\n  <\/p>\n<p style=\"margin:0;\">\n    Una propuesta exclusiva para los m\u00e1s fieles: <strong>historia, orgullo y sentimiento<\/strong> en una pieza \u00fanica de coleccionista.\n  <\/p>\n<\/div>\n<p>&#8220;<\/p>\n","protected":false},"featured_media":4420941,"comment_status":"closed","ping_status":"closed","template":"","meta":{"_acf_changed":false},"product_cat":[1917,1663,1664,2025],"product_tag":[],"giftcard-category":[],"class_list":{"0":"post-4420598","1":"product","2":"type-product","3":"status-publish","4":"has-post-thumbnail","6":"product_cat-70-blackweek-es","7":"product_cat-equipaciones-es","8":"product_cat-primera-equipacion","9":"product_cat-retro-es","11":"first","12":"instock","13":"taxable","14":"shipping-taxable","15":"purchasable","16":"product-type-variable"},"acf":[],"_links":{"self":[{"href":"https:\/\/botiga.gironafc.cat\/es\/wp-json\/wp\/v2\/product\/4420598","targetHints":{"allow":["GET"]}}],"collection":[{"href":"https:\/\/botiga.gironafc.cat\/es\/wp-json\/wp\/v2\/product"}],"about":[{"href":"https:\/\/botiga.gironafc.cat\/es\/wp-json\/wp\/v2\/types\/product"}],"replies":[{"embeddable":true,"href":"https:\/\/botiga.gironafc.cat\/es\/wp-json\/wp\/v2\/comments?post=4420598"}],"wp:featuredmedia":[{"embeddable":true,"href":"https:\/\/botiga.gironafc.cat\/es\/wp-json\/wp\/v2\/media\/4420941"}],"wp:attachment":[{"href":"https:\/\/botiga.gironafc.cat\/es\/wp-json\/wp\/v2\/media?parent=4420598"}],"wp:term":[{"taxonomy":"product_cat","embeddable":true,"href":"https:\/\/botiga.gironafc.cat\/es\/wp-json\/wp\/v2\/product_cat?post=4420598"},{"taxonomy":"product_tag","embeddable":true,"href":"https:\/\/botiga.gironafc.cat\/es\/wp-json\/wp\/v2\/product_tag?post=4420598"},{"taxonomy":"giftcard-category","embeddable":true,"href":"https:\/\/botiga.gironafc.cat\/es\/wp-json\/wp\/v2\/giftcard-category?post=4420598"}],"curies":[{"name":"wp","href":"https:\/\/api.w.org\/{rel}","templated":true}]}}