{"id":92426,"date":"2019-07-10T10:46:01","date_gmt":"2019-07-10T09:46:01","guid":{"rendered":"https:\/\/botiga.gironafcapp.com\/product\/pelota-pro-training-2-puma\/"},"modified":"2023-12-11T23:41:56","modified_gmt":"2023-12-11T22:41:56","slug":"pelota-pro-training-2-puma","status":"publish","type":"product","link":"https:\/\/botiga.gironafc.cat\/es\/producto\/pelota-pro-training-2-puma\/","title":{"rendered":"Pelota Pro Training 2 Puma"},"content":{"rendered":"","protected":false},"excerpt":{"rendered":"<p>Adecuado tanto para entrenamiento como para uso recreativo con amigos.<\/p>\n<p>El efecto crom\u00e1tico TPU crea una bola de aspecto impresionante, espuma de TPE y soporte de poli\u00e9ster, y la costura de la m\u00e1quina le da a la bola un tacto suave, excelente forma, caracter\u00edsticas de rebote y vuelo.<\/p>\n<p>La vejiga de goma proporciona una buena retenci\u00f3n de aire.<\/p>\n<p>&nbsp;<\/p>\n","protected":false},"featured_media":4330668,"comment_status":"closed","ping_status":"closed","template":"","meta":{"_acf_changed":false},"product_cat":[],"product_tag":[],"giftcard-category":[],"class_list":{"0":"post-92426","1":"product","2":"type-product","3":"status-publish","4":"has-post-thumbnail","7":"first","8":"outofstock","9":"taxable","10":"shipping-taxable","11":"purchasable","12":"product-type-simple"},"acf":[],"_links":{"self":[{"href":"https:\/\/botiga.gironafc.cat\/es\/wp-json\/wp\/v2\/product\/92426","targetHints":{"allow":["GET"]}}],"collection":[{"href":"https:\/\/botiga.gironafc.cat\/es\/wp-json\/wp\/v2\/product"}],"about":[{"href":"https:\/\/botiga.gironafc.cat\/es\/wp-json\/wp\/v2\/types\/product"}],"replies":[{"embeddable":true,"href":"https:\/\/botiga.gironafc.cat\/es\/wp-json\/wp\/v2\/comments?post=92426"}],"wp:featuredmedia":[{"embeddable":true,"href":"https:\/\/botiga.gironafc.cat\/es\/wp-json\/wp\/v2\/media\/4330668"}],"wp:attachment":[{"href":"https:\/\/botiga.gironafc.cat\/es\/wp-json\/wp\/v2\/media?parent=92426"}],"wp:term":[{"taxonomy":"product_cat","embeddable":true,"href":"https:\/\/botiga.gironafc.cat\/es\/wp-json\/wp\/v2\/product_cat?post=92426"},{"taxonomy":"product_tag","embeddable":true,"href":"https:\/\/botiga.gironafc.cat\/es\/wp-json\/wp\/v2\/product_tag?post=92426"},{"taxonomy":"giftcard-category","embeddable":true,"href":"https:\/\/botiga.gironafc.cat\/es\/wp-json\/wp\/v2\/giftcard-category?post=92426"}],"curies":[{"name":"wp","href":"https:\/\/api.w.org\/{rel}","templated":true}]}}