{"id":92955,"date":"2017-11-23T17:56:30","date_gmt":"2017-11-23T16:56:30","guid":{"rendered":"https:\/\/botiga.gironafcapp.com\/product\/banderin-pequeno\/"},"modified":"2025-05-03T09:59:26","modified_gmt":"2025-05-03T08:59:26","slug":"banderin-pequeno","status":"publish","type":"product","link":"https:\/\/botiga.gironafc.cat\/es\/producto\/banderin-pequeno\/","title":{"rendered":"Bander\u00edn Peque\u00f1o"},"content":{"rendered":"<p>Bander\u00edn peque\u00f1o del Girona FC con ventosa. Ideal para el coche.<\/p>\n","protected":false},"excerpt":{"rendered":"<p>Bander\u00edn peque\u00f1o del Girona FC con ventosa. Ideal para el coche.<\/p>\n","protected":false},"featured_media":4247763,"comment_status":"open","ping_status":"closed","template":"","meta":{"_acf_changed":false},"product_cat":[1641,1640],"product_tag":[],"giftcard-category":[],"class_list":{"0":"post-92955","1":"product","2":"type-product","3":"status-publish","4":"has-post-thumbnail","6":"product_cat-accessoris-es","7":"product_cat-aficionats-es","9":"first","10":"outofstock","11":"taxable","12":"shipping-taxable","13":"purchasable","14":"product-type-simple"},"acf":[],"_links":{"self":[{"href":"https:\/\/botiga.gironafc.cat\/es\/wp-json\/wp\/v2\/product\/92955","targetHints":{"allow":["GET"]}}],"collection":[{"href":"https:\/\/botiga.gironafc.cat\/es\/wp-json\/wp\/v2\/product"}],"about":[{"href":"https:\/\/botiga.gironafc.cat\/es\/wp-json\/wp\/v2\/types\/product"}],"replies":[{"embeddable":true,"href":"https:\/\/botiga.gironafc.cat\/es\/wp-json\/wp\/v2\/comments?post=92955"}],"wp:featuredmedia":[{"embeddable":true,"href":"https:\/\/botiga.gironafc.cat\/es\/wp-json\/wp\/v2\/media\/4247763"}],"wp:attachment":[{"href":"https:\/\/botiga.gironafc.cat\/es\/wp-json\/wp\/v2\/media?parent=92955"}],"wp:term":[{"taxonomy":"product_cat","embeddable":true,"href":"https:\/\/botiga.gironafc.cat\/es\/wp-json\/wp\/v2\/product_cat?post=92955"},{"taxonomy":"product_tag","embeddable":true,"href":"https:\/\/botiga.gironafc.cat\/es\/wp-json\/wp\/v2\/product_tag?post=92955"},{"taxonomy":"giftcard-category","embeddable":true,"href":"https:\/\/botiga.gironafc.cat\/es\/wp-json\/wp\/v2\/giftcard-category?post=92955"}],"curies":[{"name":"wp","href":"https:\/\/api.w.org\/{rel}","templated":true}]}}